{"id":1105311,"date":"2026-03-24T00:57:54","date_gmt":"2026-03-23T22:57:54","guid":{"rendered":"https:\/\/ventspils.citro.lv\/veikals\/kuka-medus-citro-sv\/"},"modified":"2026-03-24T00:58:03","modified_gmt":"2026-03-23T22:58:03","slug":"kuka-medus-citro-sv","status":"publish","type":"product","link":"https:\/\/ventspils.citro.lv\/ru\/veikals\/kuka-medus-citro-sv\/","title":{"rendered":"K\u016bka medus Citro sv."},"content":{"rendered":"<p>Sast\u0101vs:Sast\u0101vda\u013cas: Biskv\u012bts (KVIE\u0160U MILTI, OLAS, cukurs, medus (11%), citroni, dzeram\u0101 soda, eti\u0137a esence 70%);konditorejas kr\u0113ms ar cukuru puto\u0161anai ,v\u0101r\u012bts konditorejas pild\u012bjums \u201cExtra\u201d , \u016bdens, kaltkr\u0113ms;dz\u0113rve\u0146u iev\u0101r\u012bjums.  Ra\u017eots Sia Di\u0101na Bistro.Uzglab\u0101t t pie +2 l\u012bdz +6 C<\/p>\n","protected":false},"excerpt":{"rendered":"<p>7.55 \u20ac\/kg<\/p>\n","protected":false},"featured_media":1231022,"template":"","meta":{"_acf_changed":false,"inline_featured_image":false},"product_cat":[109,220],"product_tag":[],"acf":[],"aioseo_notices":[],"_links":{"self":[{"href":"https:\/\/ventspils.citro.lv\/ru\/wp-json\/wp\/v2\/product\/1105311"}],"collection":[{"href":"https:\/\/ventspils.citro.lv\/ru\/wp-json\/wp\/v2\/product"}],"about":[{"href":"https:\/\/ventspils.citro.lv\/ru\/wp-json\/wp\/v2\/types\/product"}],"wp:featuredmedia":[{"embeddable":true,"href":"https:\/\/ventspils.citro.lv\/ru\/wp-json\/wp\/v2\/media\/1231022"}],"wp:attachment":[{"href":"https:\/\/ventspils.citro.lv\/ru\/wp-json\/wp\/v2\/media?parent=1105311"}],"wp:term":[{"taxonomy":"product_cat","embeddable":true,"href":"https:\/\/ventspils.citro.lv\/ru\/wp-json\/wp\/v2\/product_cat?post=1105311"},{"taxonomy":"product_tag","embeddable":true,"href":"https:\/\/ventspils.citro.lv\/ru\/wp-json\/wp\/v2\/product_tag?post=1105311"}],"curies":[{"name":"wp","href":"https:\/\/api.w.org\/{rel}","templated":true}]}}