{"id":1096044,"date":"2026-04-14T04:36:48","date_gmt":"2026-04-14T01:36:48","guid":{"rendered":"https:\/\/ventspils.citro.lv\/veikals\/velas-mikstinatajs-purox-magnolia-18l\/"},"modified":"2026-04-14T04:36:55","modified_gmt":"2026-04-14T01:36:55","slug":"velas-mikstinatajs-purox-magnolia-18l","status":"publish","type":"product","link":"https:\/\/ventspils.citro.lv\/ru\/veikals\/velas-mikstinatajs-purox-magnolia-18l\/","title":{"rendered":"Ve\u013cas m\u012bkstin\u0101t\u0101js Purox Magnolia 1,8l"},"content":{"rendered":"","protected":false},"excerpt":{"rendered":"<p>1.83 \u20ac\/l<\/p>\n","protected":false},"featured_media":1245775,"template":"","meta":{"_acf_changed":false,"inline_featured_image":false},"product_cat":[131,184],"product_tag":[],"acf":[],"aioseo_notices":[],"_links":{"self":[{"href":"https:\/\/ventspils.citro.lv\/ru\/wp-json\/wp\/v2\/product\/1096044"}],"collection":[{"href":"https:\/\/ventspils.citro.lv\/ru\/wp-json\/wp\/v2\/product"}],"about":[{"href":"https:\/\/ventspils.citro.lv\/ru\/wp-json\/wp\/v2\/types\/product"}],"wp:featuredmedia":[{"embeddable":true,"href":"https:\/\/ventspils.citro.lv\/ru\/wp-json\/wp\/v2\/media\/1245775"}],"wp:attachment":[{"href":"https:\/\/ventspils.citro.lv\/ru\/wp-json\/wp\/v2\/media?parent=1096044"}],"wp:term":[{"taxonomy":"product_cat","embeddable":true,"href":"https:\/\/ventspils.citro.lv\/ru\/wp-json\/wp\/v2\/product_cat?post=1096044"},{"taxonomy":"product_tag","embeddable":true,"href":"https:\/\/ventspils.citro.lv\/ru\/wp-json\/wp\/v2\/product_tag?post=1096044"}],"curies":[{"name":"wp","href":"https:\/\/api.w.org\/{rel}","templated":true}]}}