{"id":1096042,"date":"2026-04-24T11:18:13","date_gmt":"2026-04-24T08:18:13","guid":{"rendered":"https:\/\/ventspils.citro.lv\/veikals\/velas-mikstinatajs-purox-mountain-flowers-18l\/"},"modified":"2026-04-24T11:18:23","modified_gmt":"2026-04-24T08:18:23","slug":"velas-mikstinatajs-purox-mountain-flowers-18l","status":"publish","type":"product","link":"https:\/\/ventspils.citro.lv\/ru\/veikals\/velas-mikstinatajs-purox-mountain-flowers-18l\/","title":{"rendered":"Ve\u013cas m\u012bkstin\u0101t\u0101js Purox Mountain flowers 1,8l"},"content":{"rendered":"","protected":false},"excerpt":{"rendered":"<p>1.38 \u20ac\/l<\/p>\n","protected":false},"featured_media":1253273,"template":"","meta":{"_acf_changed":false,"inline_featured_image":false},"product_cat":[131,184],"product_tag":[],"acf":[],"aioseo_notices":[],"_links":{"self":[{"href":"https:\/\/ventspils.citro.lv\/ru\/wp-json\/wp\/v2\/product\/1096042"}],"collection":[{"href":"https:\/\/ventspils.citro.lv\/ru\/wp-json\/wp\/v2\/product"}],"about":[{"href":"https:\/\/ventspils.citro.lv\/ru\/wp-json\/wp\/v2\/types\/product"}],"wp:featuredmedia":[{"embeddable":true,"href":"https:\/\/ventspils.citro.lv\/ru\/wp-json\/wp\/v2\/media\/1253273"}],"wp:attachment":[{"href":"https:\/\/ventspils.citro.lv\/ru\/wp-json\/wp\/v2\/media?parent=1096042"}],"wp:term":[{"taxonomy":"product_cat","embeddable":true,"href":"https:\/\/ventspils.citro.lv\/ru\/wp-json\/wp\/v2\/product_cat?post=1096042"},{"taxonomy":"product_tag","embeddable":true,"href":"https:\/\/ventspils.citro.lv\/ru\/wp-json\/wp\/v2\/product_tag?post=1096042"}],"curies":[{"name":"wp","href":"https:\/\/api.w.org\/{rel}","templated":true}]}}