{"id":1096040,"date":"2026-05-12T08:36:41","date_gmt":"2026-05-12T05:36:41","guid":{"rendered":"https:\/\/ventspils.citro.lv\/veikals\/velas-mazgasanas-kapsulas-purox-color-20-gb\/"},"modified":"2026-05-12T08:36:50","modified_gmt":"2026-05-12T05:36:50","slug":"velas-mazgasanas-kapsulas-purox-color-20-gb","status":"publish","type":"product","link":"https:\/\/ventspils.citro.lv\/ru\/veikals\/velas-mazgasanas-kapsulas-purox-color-20-gb\/","title":{"rendered":"Ve\u013cas mazg\u0101\u0161anas kapsulas  Purox Color 20 gb"},"content":{"rendered":"","protected":false},"excerpt":{"rendered":"<p>0.25 \u20ac\/gb<\/p>\n","protected":false},"featured_media":1259953,"template":"","meta":{"_acf_changed":false,"inline_featured_image":false},"product_cat":[131,184],"product_tag":[],"acf":[],"aioseo_notices":[],"_links":{"self":[{"href":"https:\/\/ventspils.citro.lv\/ru\/wp-json\/wp\/v2\/product\/1096040"}],"collection":[{"href":"https:\/\/ventspils.citro.lv\/ru\/wp-json\/wp\/v2\/product"}],"about":[{"href":"https:\/\/ventspils.citro.lv\/ru\/wp-json\/wp\/v2\/types\/product"}],"wp:featuredmedia":[{"embeddable":true,"href":"https:\/\/ventspils.citro.lv\/ru\/wp-json\/wp\/v2\/media\/1259953"}],"wp:attachment":[{"href":"https:\/\/ventspils.citro.lv\/ru\/wp-json\/wp\/v2\/media?parent=1096040"}],"wp:term":[{"taxonomy":"product_cat","embeddable":true,"href":"https:\/\/ventspils.citro.lv\/ru\/wp-json\/wp\/v2\/product_cat?post=1096040"},{"taxonomy":"product_tag","embeddable":true,"href":"https:\/\/ventspils.citro.lv\/ru\/wp-json\/wp\/v2\/product_tag?post=1096040"}],"curies":[{"name":"wp","href":"https:\/\/api.w.org\/{rel}","templated":true}]}}