{"id":1096038,"date":"2026-05-07T04:39:22","date_gmt":"2026-05-07T01:39:22","guid":{"rendered":"https:\/\/ventspils.citro.lv\/veikals\/velas-mazgasanas-kapsulas-purox-universal-20-gb\/"},"modified":"2026-05-07T04:39:32","modified_gmt":"2026-05-07T01:39:32","slug":"velas-mazgasanas-kapsulas-purox-universal-20gb","status":"publish","type":"product","link":"https:\/\/ventspils.citro.lv\/ru\/veikals\/velas-mazgasanas-kapsulas-purox-universal-20gb\/","title":{"rendered":"Ve\u013cas mazg\u0101\u0161anas kapsulas Purox Universal 20gb"},"content":{"rendered":"","protected":false},"excerpt":{"rendered":"<p>0.25 \u20ac\/gb<\/p>\n","protected":false},"featured_media":1257202,"template":"","meta":{"_acf_changed":false,"inline_featured_image":false},"product_cat":[131,184],"product_tag":[],"acf":[],"aioseo_notices":[],"_links":{"self":[{"href":"https:\/\/ventspils.citro.lv\/ru\/wp-json\/wp\/v2\/product\/1096038"}],"collection":[{"href":"https:\/\/ventspils.citro.lv\/ru\/wp-json\/wp\/v2\/product"}],"about":[{"href":"https:\/\/ventspils.citro.lv\/ru\/wp-json\/wp\/v2\/types\/product"}],"wp:featuredmedia":[{"embeddable":true,"href":"https:\/\/ventspils.citro.lv\/ru\/wp-json\/wp\/v2\/media\/1257202"}],"wp:attachment":[{"href":"https:\/\/ventspils.citro.lv\/ru\/wp-json\/wp\/v2\/media?parent=1096038"}],"wp:term":[{"taxonomy":"product_cat","embeddable":true,"href":"https:\/\/ventspils.citro.lv\/ru\/wp-json\/wp\/v2\/product_cat?post=1096038"},{"taxonomy":"product_tag","embeddable":true,"href":"https:\/\/ventspils.citro.lv\/ru\/wp-json\/wp\/v2\/product_tag?post=1096038"}],"curies":[{"name":"wp","href":"https:\/\/api.w.org\/{rel}","templated":true}]}}