{"id":1096036,"date":"2026-04-24T11:18:02","date_gmt":"2026-04-24T08:18:02","guid":{"rendered":"https:\/\/ventspils.citro.lv\/veikals\/velas-mazgasanas-kapsulas-universalas-der-waschkonig-32-gb\/"},"modified":"2026-04-24T11:18:07","modified_gmt":"2026-04-24T08:18:07","slug":"velas-mazgasanas-kapsulas-der-waschkonig-universal-32gb","status":"publish","type":"product","link":"https:\/\/ventspils.citro.lv\/ru\/veikals\/velas-mazgasanas-kapsulas-der-waschkonig-universal-32gb\/","title":{"rendered":"Ve\u013cas mazg\u0101\u0161anas kapsulas Der Waschkonig Universal 32gb"},"content":{"rendered":"","protected":false},"excerpt":{"rendered":"<p>0.16 \u20ac\/gb<\/p>\n","protected":false},"featured_media":1253270,"template":"","meta":{"_acf_changed":false,"inline_featured_image":false},"product_cat":[131,184],"product_tag":[],"acf":[],"aioseo_notices":[],"_links":{"self":[{"href":"https:\/\/ventspils.citro.lv\/ru\/wp-json\/wp\/v2\/product\/1096036"}],"collection":[{"href":"https:\/\/ventspils.citro.lv\/ru\/wp-json\/wp\/v2\/product"}],"about":[{"href":"https:\/\/ventspils.citro.lv\/ru\/wp-json\/wp\/v2\/types\/product"}],"wp:featuredmedia":[{"embeddable":true,"href":"https:\/\/ventspils.citro.lv\/ru\/wp-json\/wp\/v2\/media\/1253270"}],"wp:attachment":[{"href":"https:\/\/ventspils.citro.lv\/ru\/wp-json\/wp\/v2\/media?parent=1096036"}],"wp:term":[{"taxonomy":"product_cat","embeddable":true,"href":"https:\/\/ventspils.citro.lv\/ru\/wp-json\/wp\/v2\/product_cat?post=1096036"},{"taxonomy":"product_tag","embeddable":true,"href":"https:\/\/ventspils.citro.lv\/ru\/wp-json\/wp\/v2\/product_tag?post=1096036"}],"curies":[{"name":"wp","href":"https:\/\/api.w.org\/{rel}","templated":true}]}}