{"id":1096032,"date":"2026-03-31T04:57:42","date_gmt":"2026-03-31T01:57:42","guid":{"rendered":"https:\/\/ventspils.citro.lv\/veikals\/lidzeklis-tirisanas-ajax-bdc-ff-jasmin-1000ml\/"},"modified":"2026-03-31T04:57:53","modified_gmt":"2026-03-31T01:57:53","slug":"lidzeklis-tirisanas-ajax-bdc-ff-jasmin-1000ml","status":"publish","type":"product","link":"https:\/\/ventspils.citro.lv\/ru\/veikals\/lidzeklis-tirisanas-ajax-bdc-ff-jasmin-1000ml\/","title":{"rendered":"L\u012bdzeklis t\u012br\u012b\u0161anas Ajax BDC FF Jasmin 1000ml"},"content":{"rendered":"","protected":false},"excerpt":{"rendered":"<p>1.99 \u20ac\/l<\/p>\n","protected":false},"featured_media":1238451,"template":"","meta":{"_acf_changed":false,"inline_featured_image":false},"product_cat":[131,169],"product_tag":[],"acf":[],"aioseo_notices":[],"_links":{"self":[{"href":"https:\/\/ventspils.citro.lv\/ru\/wp-json\/wp\/v2\/product\/1096032"}],"collection":[{"href":"https:\/\/ventspils.citro.lv\/ru\/wp-json\/wp\/v2\/product"}],"about":[{"href":"https:\/\/ventspils.citro.lv\/ru\/wp-json\/wp\/v2\/types\/product"}],"wp:featuredmedia":[{"embeddable":true,"href":"https:\/\/ventspils.citro.lv\/ru\/wp-json\/wp\/v2\/media\/1238451"}],"wp:attachment":[{"href":"https:\/\/ventspils.citro.lv\/ru\/wp-json\/wp\/v2\/media?parent=1096032"}],"wp:term":[{"taxonomy":"product_cat","embeddable":true,"href":"https:\/\/ventspils.citro.lv\/ru\/wp-json\/wp\/v2\/product_cat?post=1096032"},{"taxonomy":"product_tag","embeddable":true,"href":"https:\/\/ventspils.citro.lv\/ru\/wp-json\/wp\/v2\/product_tag?post=1096032"}],"curies":[{"name":"wp","href":"https:\/\/api.w.org\/{rel}","templated":true}]}}