{"id":1095993,"date":"2026-01-29T00:42:03","date_gmt":"2026-01-28T22:42:03","guid":{"rendered":"https:\/\/ventspils.citro.lv\/veikals\/udens-mikstinatajs-zeleja-calgon-blue-750-ml\/"},"modified":"2026-01-29T00:42:15","modified_gmt":"2026-01-28T22:42:15","slug":"udens-mikstinatajs-zeleja-calgon-blue-750-ml","status":"publish","type":"product","link":"https:\/\/ventspils.citro.lv\/ru\/veikals\/udens-mikstinatajs-zeleja-calgon-blue-750-ml\/","title":{"rendered":"\u016adens m\u012bkstin\u0101t\u0101js \u017eeleja CALGON  blue 750 ml"},"content":{"rendered":"","protected":false},"excerpt":{"rendered":"<p>8.65 \u20ac\/l<\/p>\n","protected":false},"featured_media":1201053,"template":"","meta":{"_acf_changed":false,"inline_featured_image":false},"product_cat":[131,184],"product_tag":[],"acf":[],"aioseo_notices":[],"_links":{"self":[{"href":"https:\/\/ventspils.citro.lv\/ru\/wp-json\/wp\/v2\/product\/1095993"}],"collection":[{"href":"https:\/\/ventspils.citro.lv\/ru\/wp-json\/wp\/v2\/product"}],"about":[{"href":"https:\/\/ventspils.citro.lv\/ru\/wp-json\/wp\/v2\/types\/product"}],"wp:featuredmedia":[{"embeddable":true,"href":"https:\/\/ventspils.citro.lv\/ru\/wp-json\/wp\/v2\/media\/1201053"}],"wp:attachment":[{"href":"https:\/\/ventspils.citro.lv\/ru\/wp-json\/wp\/v2\/media?parent=1095993"}],"wp:term":[{"taxonomy":"product_cat","embeddable":true,"href":"https:\/\/ventspils.citro.lv\/ru\/wp-json\/wp\/v2\/product_cat?post=1095993"},{"taxonomy":"product_tag","embeddable":true,"href":"https:\/\/ventspils.citro.lv\/ru\/wp-json\/wp\/v2\/product_tag?post=1095993"}],"curies":[{"name":"wp","href":"https:\/\/api.w.org\/{rel}","templated":true}]}}