{"id":1095949,"date":"2026-03-13T05:24:14","date_gmt":"2026-03-13T03:24:14","guid":{"rendered":"https:\/\/ventspils.citro.lv\/veikals\/zelatins-partikas-100g\/"},"modified":"2026-04-09T02:36:43","modified_gmt":"2026-04-08T23:36:43","slug":"zelatins-partikas-100g","status":"publish","type":"product","link":"https:\/\/ventspils.citro.lv\/ru\/veikals\/zelatins-partikas-100g\/","title":{"rendered":"\u017delat\u012bns p\u0101rtikas 100g"},"content":{"rendered":"","protected":false},"excerpt":{"rendered":"<p>21.90 \u20ac\/kg<\/p>\n","protected":false},"featured_media":1225482,"template":"","meta":{"_acf_changed":false,"inline_featured_image":false},"product_cat":[116,165],"product_tag":[],"acf":[],"aioseo_notices":[],"_links":{"self":[{"href":"https:\/\/ventspils.citro.lv\/ru\/wp-json\/wp\/v2\/product\/1095949"}],"collection":[{"href":"https:\/\/ventspils.citro.lv\/ru\/wp-json\/wp\/v2\/product"}],"about":[{"href":"https:\/\/ventspils.citro.lv\/ru\/wp-json\/wp\/v2\/types\/product"}],"wp:featuredmedia":[{"embeddable":true,"href":"https:\/\/ventspils.citro.lv\/ru\/wp-json\/wp\/v2\/media\/1225482"}],"wp:attachment":[{"href":"https:\/\/ventspils.citro.lv\/ru\/wp-json\/wp\/v2\/media?parent=1095949"}],"wp:term":[{"taxonomy":"product_cat","embeddable":true,"href":"https:\/\/ventspils.citro.lv\/ru\/wp-json\/wp\/v2\/product_cat?post=1095949"},{"taxonomy":"product_tag","embeddable":true,"href":"https:\/\/ventspils.citro.lv\/ru\/wp-json\/wp\/v2\/product_tag?post=1095949"}],"curies":[{"name":"wp","href":"https:\/\/api.w.org\/{rel}","templated":true}]}}