{"id":1095749,"date":"2026-01-29T01:22:01","date_gmt":"2026-01-28T23:22:01","guid":{"rendered":"https:\/\/ventspils.citro.lv\/veikals\/koslajama-gumija-ar-zemenu-garsu-14g\/"},"modified":"2026-03-20T22:52:32","modified_gmt":"2026-03-20T20:52:32","slug":"koslajama-gumija-ar-zemenu-garsu-14g","status":"publish","type":"product","link":"https:\/\/ventspils.citro.lv\/ru\/veikals\/koslajama-gumija-ar-zemenu-garsu-14g\/","title":{"rendered":"Ko\u0161\u013c\u0101jam\u0101 gumija ar zeme\u0146u gar\u0161u 14g"},"content":{"rendered":"","protected":false},"excerpt":{"rendered":"<p>49.29 \u20ac\/gb<\/p>\n","protected":false},"featured_media":1201166,"template":"","meta":{"_acf_changed":false,"inline_featured_image":false},"product_cat":[365,125],"product_tag":[],"acf":[],"aioseo_notices":[],"_links":{"self":[{"href":"https:\/\/ventspils.citro.lv\/ru\/wp-json\/wp\/v2\/product\/1095749"}],"collection":[{"href":"https:\/\/ventspils.citro.lv\/ru\/wp-json\/wp\/v2\/product"}],"about":[{"href":"https:\/\/ventspils.citro.lv\/ru\/wp-json\/wp\/v2\/types\/product"}],"wp:featuredmedia":[{"embeddable":true,"href":"https:\/\/ventspils.citro.lv\/ru\/wp-json\/wp\/v2\/media\/1201166"}],"wp:attachment":[{"href":"https:\/\/ventspils.citro.lv\/ru\/wp-json\/wp\/v2\/media?parent=1095749"}],"wp:term":[{"taxonomy":"product_cat","embeddable":true,"href":"https:\/\/ventspils.citro.lv\/ru\/wp-json\/wp\/v2\/product_cat?post=1095749"},{"taxonomy":"product_tag","embeddable":true,"href":"https:\/\/ventspils.citro.lv\/ru\/wp-json\/wp\/v2\/product_tag?post=1095749"}],"curies":[{"name":"wp","href":"https:\/\/api.w.org\/{rel}","templated":true}]}}