{"id":1095745,"date":"2026-01-29T01:21:48","date_gmt":"2026-01-28T23:21:48","guid":{"rendered":"https:\/\/ventspils.citro.lv\/veikals\/koslajama-gumija-spearmint-ar-piparmetras-garsu-22-5g\/"},"modified":"2026-01-29T01:22:01","modified_gmt":"2026-01-28T23:22:01","slug":"koslajama-gumija-spearmint-ar-piparmetras-garsu-22-5g","status":"publish","type":"product","link":"https:\/\/ventspils.citro.lv\/ru\/veikals\/koslajama-gumija-spearmint-ar-piparmetras-garsu-22-5g\/","title":{"rendered":"Ko\u0161\u013c\u0101jam\u0101 gumija Spearmint ar piparm\u0113tras gar\u0161u 22.5g"},"content":{"rendered":"","protected":false},"excerpt":{"rendered":"<p>44.00 \u20ac\/gb<\/p>\n","protected":false},"featured_media":1201164,"template":"","meta":{"_acf_changed":false,"inline_featured_image":false},"product_cat":[365,125],"product_tag":[],"acf":[],"aioseo_notices":[],"_links":{"self":[{"href":"https:\/\/ventspils.citro.lv\/ru\/wp-json\/wp\/v2\/product\/1095745"}],"collection":[{"href":"https:\/\/ventspils.citro.lv\/ru\/wp-json\/wp\/v2\/product"}],"about":[{"href":"https:\/\/ventspils.citro.lv\/ru\/wp-json\/wp\/v2\/types\/product"}],"wp:featuredmedia":[{"embeddable":true,"href":"https:\/\/ventspils.citro.lv\/ru\/wp-json\/wp\/v2\/media\/1201164"}],"wp:attachment":[{"href":"https:\/\/ventspils.citro.lv\/ru\/wp-json\/wp\/v2\/media?parent=1095745"}],"wp:term":[{"taxonomy":"product_cat","embeddable":true,"href":"https:\/\/ventspils.citro.lv\/ru\/wp-json\/wp\/v2\/product_cat?post=1095745"},{"taxonomy":"product_tag","embeddable":true,"href":"https:\/\/ventspils.citro.lv\/ru\/wp-json\/wp\/v2\/product_tag?post=1095745"}],"curies":[{"name":"wp","href":"https:\/\/api.w.org\/{rel}","templated":true}]}}