{"id":1095735,"date":"2026-01-29T01:21:19","date_gmt":"2026-01-28T23:21:19","guid":{"rendered":"https:\/\/ventspils.citro.lv\/veikals\/koslajama-gumija-energy-ar-kirsu-garsu-17g\/"},"modified":"2026-01-29T01:21:25","modified_gmt":"2026-01-28T23:21:25","slug":"koslajama-gumija-energy-ar-kirsu-garsu-17g","status":"publish","type":"product","link":"https:\/\/ventspils.citro.lv\/ru\/veikals\/koslajama-gumija-energy-ar-kirsu-garsu-17g\/","title":{"rendered":"Ko\u0161\u013c\u0101jam\u0101 gumija Energy ar \u0137ir\u0161u gar\u0161u 17g"},"content":{"rendered":"","protected":false},"excerpt":{"rendered":"<p>87.65 \u20ac\/gb<\/p>\n","protected":false},"featured_media":1201159,"template":"","meta":{"_acf_changed":false,"inline_featured_image":false},"product_cat":[365,125],"product_tag":[],"acf":[],"aioseo_notices":[],"_links":{"self":[{"href":"https:\/\/ventspils.citro.lv\/ru\/wp-json\/wp\/v2\/product\/1095735"}],"collection":[{"href":"https:\/\/ventspils.citro.lv\/ru\/wp-json\/wp\/v2\/product"}],"about":[{"href":"https:\/\/ventspils.citro.lv\/ru\/wp-json\/wp\/v2\/types\/product"}],"wp:featuredmedia":[{"embeddable":true,"href":"https:\/\/ventspils.citro.lv\/ru\/wp-json\/wp\/v2\/media\/1201159"}],"wp:attachment":[{"href":"https:\/\/ventspils.citro.lv\/ru\/wp-json\/wp\/v2\/media?parent=1095735"}],"wp:term":[{"taxonomy":"product_cat","embeddable":true,"href":"https:\/\/ventspils.citro.lv\/ru\/wp-json\/wp\/v2\/product_cat?post=1095735"},{"taxonomy":"product_tag","embeddable":true,"href":"https:\/\/ventspils.citro.lv\/ru\/wp-json\/wp\/v2\/product_tag?post=1095735"}],"curies":[{"name":"wp","href":"https:\/\/api.w.org\/{rel}","templated":true}]}}