{"id":109082,"date":"2026-03-31T03:42:02","date_gmt":"2026-03-31T00:42:02","guid":{"rendered":"https:\/\/ventspils.citro.lv\/veikals\/deserts-panna-cotta-ar-zemenu-merci-citro-180g\/"},"modified":"2026-05-08T09:10:24","modified_gmt":"2026-05-08T06:10:24","slug":"des-panna-cotta-ar-zem-merci-citro-180g","status":"publish","type":"product","link":"https:\/\/ventspils.citro.lv\/ru\/veikals\/des-panna-cotta-ar-zem-merci-citro-180g\/","title":{"rendered":"Des.Panna Cotta ar zem.m\u0113rci Citro 180g"},"content":{"rendered":"<p>Sast\u0101vs:Piens,augu tauku kr\u0113ms, cukurs,vani\u013cas cukurs, \u017eelat\u012bns, \u016bdens, aug\u013cu \u017eeleja.    Uzglab\u0101t t pie +2 l\u012bdz +6 C . Ra\u017eot\u0101js SIA Bistro.<\/p>\n","protected":false},"excerpt":{"rendered":"<p>8.06 \u20ac\/kg<\/p>\n","protected":false},"featured_media":1238175,"template":"","meta":{"_acf_changed":false,"inline_featured_image":false},"product_cat":[113,221],"product_tag":[],"acf":[],"aioseo_notices":[],"_links":{"self":[{"href":"https:\/\/ventspils.citro.lv\/ru\/wp-json\/wp\/v2\/product\/109082"}],"collection":[{"href":"https:\/\/ventspils.citro.lv\/ru\/wp-json\/wp\/v2\/product"}],"about":[{"href":"https:\/\/ventspils.citro.lv\/ru\/wp-json\/wp\/v2\/types\/product"}],"wp:featuredmedia":[{"embeddable":true,"href":"https:\/\/ventspils.citro.lv\/ru\/wp-json\/wp\/v2\/media\/1238175"}],"wp:attachment":[{"href":"https:\/\/ventspils.citro.lv\/ru\/wp-json\/wp\/v2\/media?parent=109082"}],"wp:term":[{"taxonomy":"product_cat","embeddable":true,"href":"https:\/\/ventspils.citro.lv\/ru\/wp-json\/wp\/v2\/product_cat?post=109082"},{"taxonomy":"product_tag","embeddable":true,"href":"https:\/\/ventspils.citro.lv\/ru\/wp-json\/wp\/v2\/product_tag?post=109082"}],"curies":[{"name":"wp","href":"https:\/\/api.w.org\/{rel}","templated":true}]}}