{"id":1087100,"date":"2026-04-24T11:06:47","date_gmt":"2026-04-24T08:06:47","guid":{"rendered":"https:\/\/ventspils.citro.lv\/veikals\/sausmaizites-linkosuo-rudzu-grozini-ar-kipl-garsu-100g\/"},"modified":"2026-04-24T11:06:57","modified_gmt":"2026-04-24T08:06:57","slug":"sausmaizites-linkosuo-rudzu-grozini-ar-kipl-garsu-100g","status":"publish","type":"product","link":"https:\/\/ventspils.citro.lv\/ru\/veikals\/sausmaizites-linkosuo-rudzu-grozini-ar-kipl-garsu-100g\/","title":{"rendered":"Sausmaiz\u012btes Linkosuo rudzu grozi\u0146i ar \u0137ipl.gar\u0161u 100g"},"content":{"rendered":"","protected":false},"excerpt":{"rendered":"<p>24.90 \u20ac\/kg<\/p>\n","protected":false},"featured_media":1253231,"template":"","meta":{"_acf_changed":false,"inline_featured_image":false},"product_cat":[535,215],"product_tag":[],"acf":[],"aioseo_notices":[],"_links":{"self":[{"href":"https:\/\/ventspils.citro.lv\/ru\/wp-json\/wp\/v2\/product\/1087100"}],"collection":[{"href":"https:\/\/ventspils.citro.lv\/ru\/wp-json\/wp\/v2\/product"}],"about":[{"href":"https:\/\/ventspils.citro.lv\/ru\/wp-json\/wp\/v2\/types\/product"}],"wp:featuredmedia":[{"embeddable":true,"href":"https:\/\/ventspils.citro.lv\/ru\/wp-json\/wp\/v2\/media\/1253231"}],"wp:attachment":[{"href":"https:\/\/ventspils.citro.lv\/ru\/wp-json\/wp\/v2\/media?parent=1087100"}],"wp:term":[{"taxonomy":"product_cat","embeddable":true,"href":"https:\/\/ventspils.citro.lv\/ru\/wp-json\/wp\/v2\/product_cat?post=1087100"},{"taxonomy":"product_tag","embeddable":true,"href":"https:\/\/ventspils.citro.lv\/ru\/wp-json\/wp\/v2\/product_tag?post=1087100"}],"curies":[{"name":"wp","href":"https:\/\/api.w.org\/{rel}","templated":true}]}}