{"id":1086962,"date":"2026-04-24T09:48:24","date_gmt":"2026-04-24T06:48:24","guid":{"rendered":"https:\/\/ventspils.citro.lv\/veikals\/tomati-mizoti-tomatu-sula-gemoss-collection-400g-240g\/"},"modified":"2026-04-28T23:11:13","modified_gmt":"2026-04-28T20:11:13","slug":"tomati-mizoti-tomatu-sula-gemoss-collection-400g-240g","status":"publish","type":"product","link":"https:\/\/ventspils.citro.lv\/ru\/veikals\/tomati-mizoti-tomatu-sula-gemoss-collection-400g-240g\/","title":{"rendered":"Tom\u0101ti mizoti tom\u0101tu sul\u0101 Gemoss Collection 400g\/240g"},"content":{"rendered":"","protected":false},"excerpt":{"rendered":"<p>2.38 \u20ac\/ml<\/p>\n","protected":false},"featured_media":1252919,"template":"","meta":{"_acf_changed":false,"inline_featured_image":false},"product_cat":[103,137],"product_tag":[],"acf":[],"aioseo_notices":[],"_links":{"self":[{"href":"https:\/\/ventspils.citro.lv\/ru\/wp-json\/wp\/v2\/product\/1086962"}],"collection":[{"href":"https:\/\/ventspils.citro.lv\/ru\/wp-json\/wp\/v2\/product"}],"about":[{"href":"https:\/\/ventspils.citro.lv\/ru\/wp-json\/wp\/v2\/types\/product"}],"wp:featuredmedia":[{"embeddable":true,"href":"https:\/\/ventspils.citro.lv\/ru\/wp-json\/wp\/v2\/media\/1252919"}],"wp:attachment":[{"href":"https:\/\/ventspils.citro.lv\/ru\/wp-json\/wp\/v2\/media?parent=1086962"}],"wp:term":[{"taxonomy":"product_cat","embeddable":true,"href":"https:\/\/ventspils.citro.lv\/ru\/wp-json\/wp\/v2\/product_cat?post=1086962"},{"taxonomy":"product_tag","embeddable":true,"href":"https:\/\/ventspils.citro.lv\/ru\/wp-json\/wp\/v2\/product_tag?post=1086962"}],"curies":[{"name":"wp","href":"https:\/\/api.w.org\/{rel}","templated":true}]}}