{"id":1086137,"date":"2026-03-26T11:57:46","date_gmt":"2026-03-26T09:57:46","guid":{"rendered":"https:\/\/ventspils.citro.lv\/veikals\/galas-uzkoda-kodiens-cala-galas-cipsi-45g\/"},"modified":"2026-03-26T11:57:56","modified_gmt":"2026-03-26T09:57:56","slug":"galas-uzkoda-kodiens-cala-galas-cipsi-45g","status":"publish","type":"product","link":"https:\/\/ventspils.citro.lv\/ru\/veikals\/galas-uzkoda-kodiens-cala-galas-cipsi-45g\/","title":{"rendered":"Ga\u013cas uzkoda Kodiens c\u0101\u013ca ga\u013cas \u010dipsi 45g"},"content":{"rendered":"<p>C\u0101\u013ca ga\u013ca (100 g produkta pagatavoti no 260 g ga\u013cas), s\u0101ls, burk\u0101nu \u0161\u0137iedras, c\u0101\u013ca ga\u013cas olbaltumvielas, aromatiz\u0113t\u0101ji, cukurs, gar\u0161vielas, rap\u0161u e\u013c\u013ca, dekstroze, rauga ekstrakts, stabiliz\u0113t\u0101js: E450, biezin\u0101t\u0101js E415, emulgators E433, sk\u0101buma regul\u0113t\u0101ji: E330, E451; konservanti: E202, E250. Produkt\u0101 iesp\u0113jama \u0161\u0101du alerg\u0113nu kl\u0101tb\u016btne: kvie\u0161i, mie\u017ei, soja, piens, zivis, sinepes un selerijas.<\/p>\n","protected":false},"excerpt":{"rendered":"<p>44.22 \u20ac\/kg<\/p>\n","protected":false},"featured_media":1234737,"template":"","meta":{"_acf_changed":false,"inline_featured_image":false},"product_cat":[135,194],"product_tag":[],"acf":[],"aioseo_notices":[],"_links":{"self":[{"href":"https:\/\/ventspils.citro.lv\/ru\/wp-json\/wp\/v2\/product\/1086137"}],"collection":[{"href":"https:\/\/ventspils.citro.lv\/ru\/wp-json\/wp\/v2\/product"}],"about":[{"href":"https:\/\/ventspils.citro.lv\/ru\/wp-json\/wp\/v2\/types\/product"}],"wp:featuredmedia":[{"embeddable":true,"href":"https:\/\/ventspils.citro.lv\/ru\/wp-json\/wp\/v2\/media\/1234737"}],"wp:attachment":[{"href":"https:\/\/ventspils.citro.lv\/ru\/wp-json\/wp\/v2\/media?parent=1086137"}],"wp:term":[{"taxonomy":"product_cat","embeddable":true,"href":"https:\/\/ventspils.citro.lv\/ru\/wp-json\/wp\/v2\/product_cat?post=1086137"},{"taxonomy":"product_tag","embeddable":true,"href":"https:\/\/ventspils.citro.lv\/ru\/wp-json\/wp\/v2\/product_tag?post=1086137"}],"curies":[{"name":"wp","href":"https:\/\/api.w.org\/{rel}","templated":true}]}}