{"id":1085476,"date":"2026-03-26T11:57:46","date_gmt":"2026-03-26T09:57:46","guid":{"rendered":"https:\/\/ventspils.citro.lv\/veikals\/galas-uzkoda-kodiens-klasiskais-cukgalas-jerky-75g\/"},"modified":"2026-03-26T11:57:50","modified_gmt":"2026-03-26T09:57:50","slug":"galas-uzkoda-kodiens-klasiskais-cukgalas-jerky-50g","status":"publish","type":"product","link":"https:\/\/ventspils.citro.lv\/ru\/veikals\/galas-uzkoda-kodiens-klasiskais-cukgalas-jerky-50g\/","title":{"rendered":"Ga\u013cas uzkoda Kodiens klasiskais c\u016bkga\u013cas jerky 50g"},"content":{"rendered":"<p>C\u016bkga\u013ca (100 g produkta pagatavoti no 193 g ga\u013cas), iesala ekstrakts (satur MIE\u017dUS), s\u0101ls, gar\u0161vielas, dekstroze, aromatiz\u0113t\u0101ji, hidroliz\u0113tas augu valsts olbaltumvielas (satur kukur\u016bzu, rap\u0161us), gar\u0161vielu ekstrakti, konservants E250. Produkt\u0101 iesp\u0113jama \u0161\u0101du alerg\u0113nu kl\u0101tb\u016btne: KVIE\u0160I, SOJA, PIENS, SINEPES, SELERIJAS UN ZIVIS.<\/p>\n","protected":false},"excerpt":{"rendered":"<p>26.53 \u20ac\/kg<\/p>\n","protected":false},"featured_media":1234736,"template":"","meta":{"_acf_changed":false,"inline_featured_image":false},"product_cat":[135,194],"product_tag":[],"acf":[],"aioseo_notices":[],"_links":{"self":[{"href":"https:\/\/ventspils.citro.lv\/ru\/wp-json\/wp\/v2\/product\/1085476"}],"collection":[{"href":"https:\/\/ventspils.citro.lv\/ru\/wp-json\/wp\/v2\/product"}],"about":[{"href":"https:\/\/ventspils.citro.lv\/ru\/wp-json\/wp\/v2\/types\/product"}],"wp:featuredmedia":[{"embeddable":true,"href":"https:\/\/ventspils.citro.lv\/ru\/wp-json\/wp\/v2\/media\/1234736"}],"wp:attachment":[{"href":"https:\/\/ventspils.citro.lv\/ru\/wp-json\/wp\/v2\/media?parent=1085476"}],"wp:term":[{"taxonomy":"product_cat","embeddable":true,"href":"https:\/\/ventspils.citro.lv\/ru\/wp-json\/wp\/v2\/product_cat?post=1085476"},{"taxonomy":"product_tag","embeddable":true,"href":"https:\/\/ventspils.citro.lv\/ru\/wp-json\/wp\/v2\/product_tag?post=1085476"}],"curies":[{"name":"wp","href":"https:\/\/api.w.org\/{rel}","templated":true}]}}