{"id":1080116,"date":"2026-04-14T04:33:28","date_gmt":"2026-04-14T01:33:28","guid":{"rendered":"https:\/\/ventspils.citro.lv\/veikals\/papira-dvielisi-rulli-2-slani-80-loksnes\/"},"modified":"2026-04-14T04:33:38","modified_gmt":"2026-04-14T01:33:38","slug":"papira-palikni-2-slani-80-loksnes","status":"publish","type":"product","link":"https:\/\/ventspils.citro.lv\/ru\/veikals\/papira-palikni-2-slani-80-loksnes\/","title":{"rendered":"Pap\u012bra palik\u0146i 2 sl\u0101\u0146i 80 loksnes"},"content":{"rendered":"","protected":false},"excerpt":{"rendered":"<p>3.99 \u20ac\/gb<\/p>\n","protected":false},"featured_media":1245759,"template":"","meta":{"_acf_changed":false,"inline_featured_image":false},"product_cat":[131,163],"product_tag":[],"acf":[],"aioseo_notices":[],"_links":{"self":[{"href":"https:\/\/ventspils.citro.lv\/ru\/wp-json\/wp\/v2\/product\/1080116"}],"collection":[{"href":"https:\/\/ventspils.citro.lv\/ru\/wp-json\/wp\/v2\/product"}],"about":[{"href":"https:\/\/ventspils.citro.lv\/ru\/wp-json\/wp\/v2\/types\/product"}],"wp:featuredmedia":[{"embeddable":true,"href":"https:\/\/ventspils.citro.lv\/ru\/wp-json\/wp\/v2\/media\/1245759"}],"wp:attachment":[{"href":"https:\/\/ventspils.citro.lv\/ru\/wp-json\/wp\/v2\/media?parent=1080116"}],"wp:term":[{"taxonomy":"product_cat","embeddable":true,"href":"https:\/\/ventspils.citro.lv\/ru\/wp-json\/wp\/v2\/product_cat?post=1080116"},{"taxonomy":"product_tag","embeddable":true,"href":"https:\/\/ventspils.citro.lv\/ru\/wp-json\/wp\/v2\/product_tag?post=1080116"}],"curies":[{"name":"wp","href":"https:\/\/api.w.org\/{rel}","templated":true}]}}