{"id":1080096,"date":"2026-04-24T11:09:48","date_gmt":"2026-04-24T08:09:48","guid":{"rendered":"https:\/\/ventspils.citro.lv\/veikals\/bariba-kakiem-my-love-ar-tela-galu-un-burk-maiga-merce-85g\/"},"modified":"2026-04-25T09:57:45","modified_gmt":"2026-04-25T06:57:45","slug":"bariba-kakiem-my-love-ar-tela-galu-un-burk-maiga-merce-85g","status":"publish","type":"product","link":"https:\/\/ventspils.citro.lv\/ru\/veikals\/bariba-kakiem-my-love-ar-tela-galu-un-burk-maiga-merce-85g\/","title":{"rendered":"Bar\u012bba ka\u0137iem My Love ar te\u013ca ga\u013cu un burk. maig\u0101 m\u0113rc\u0113 85g"},"content":{"rendered":"","protected":false},"excerpt":{"rendered":"<p>4.59 \u20ac\/kg<\/p>\n","protected":false},"featured_media":1253242,"template":"","meta":{"_acf_changed":false,"inline_featured_image":false},"product_cat":[153,175],"product_tag":[],"acf":[],"aioseo_notices":[],"_links":{"self":[{"href":"https:\/\/ventspils.citro.lv\/ru\/wp-json\/wp\/v2\/product\/1080096"}],"collection":[{"href":"https:\/\/ventspils.citro.lv\/ru\/wp-json\/wp\/v2\/product"}],"about":[{"href":"https:\/\/ventspils.citro.lv\/ru\/wp-json\/wp\/v2\/types\/product"}],"wp:featuredmedia":[{"embeddable":true,"href":"https:\/\/ventspils.citro.lv\/ru\/wp-json\/wp\/v2\/media\/1253242"}],"wp:attachment":[{"href":"https:\/\/ventspils.citro.lv\/ru\/wp-json\/wp\/v2\/media?parent=1080096"}],"wp:term":[{"taxonomy":"product_cat","embeddable":true,"href":"https:\/\/ventspils.citro.lv\/ru\/wp-json\/wp\/v2\/product_cat?post=1080096"},{"taxonomy":"product_tag","embeddable":true,"href":"https:\/\/ventspils.citro.lv\/ru\/wp-json\/wp\/v2\/product_tag?post=1080096"}],"curies":[{"name":"wp","href":"https:\/\/api.w.org\/{rel}","templated":true}]}}