{"id":1080093,"date":"2026-04-24T11:09:36","date_gmt":"2026-04-24T08:09:36","guid":{"rendered":"https:\/\/ventspils.citro.lv\/veikals\/bariba-kakeniem-my-love-ar-vistas-galu-85g\/"},"modified":"2026-04-24T11:09:41","modified_gmt":"2026-04-24T08:09:41","slug":"bariba-kakeniem-my-love-ar-vistas-galu-85g","status":"publish","type":"product","link":"https:\/\/ventspils.citro.lv\/ru\/veikals\/bariba-kakeniem-my-love-ar-vistas-galu-85g\/","title":{"rendered":"Bar\u012bba ka\u0137\u0113niem My Love ar vistas ga\u013cu 85g"},"content":{"rendered":"","protected":false},"excerpt":{"rendered":"<p>4.59 \u20ac\/kg<\/p>\n","protected":false},"featured_media":1253240,"template":"","meta":{"_acf_changed":false,"inline_featured_image":false},"product_cat":[153,175],"product_tag":[],"acf":[],"aioseo_notices":[],"_links":{"self":[{"href":"https:\/\/ventspils.citro.lv\/ru\/wp-json\/wp\/v2\/product\/1080093"}],"collection":[{"href":"https:\/\/ventspils.citro.lv\/ru\/wp-json\/wp\/v2\/product"}],"about":[{"href":"https:\/\/ventspils.citro.lv\/ru\/wp-json\/wp\/v2\/types\/product"}],"wp:featuredmedia":[{"embeddable":true,"href":"https:\/\/ventspils.citro.lv\/ru\/wp-json\/wp\/v2\/media\/1253240"}],"wp:attachment":[{"href":"https:\/\/ventspils.citro.lv\/ru\/wp-json\/wp\/v2\/media?parent=1080093"}],"wp:term":[{"taxonomy":"product_cat","embeddable":true,"href":"https:\/\/ventspils.citro.lv\/ru\/wp-json\/wp\/v2\/product_cat?post=1080093"},{"taxonomy":"product_tag","embeddable":true,"href":"https:\/\/ventspils.citro.lv\/ru\/wp-json\/wp\/v2\/product_tag?post=1080093"}],"curies":[{"name":"wp","href":"https:\/\/api.w.org\/{rel}","templated":true}]}}