{"id":1078068,"date":"2026-03-03T04:36:14","date_gmt":"2026-03-03T02:36:14","guid":{"rendered":"https:\/\/ventspils.citro.lv\/veikals\/saldejums-balticovo-olu-plombira-glazite-120ml-70g\/"},"modified":"2026-04-25T14:27:40","modified_gmt":"2026-04-25T11:27:40","slug":"saldejums-balticovo-olu-plombira-glazite-120ml-70g","status":"publish","type":"product","link":"https:\/\/ventspils.citro.lv\/ru\/veikals\/saldejums-balticovo-olu-plombira-glazite-120ml-70g\/","title":{"rendered":"Sald\u0113jums Balticovo olu plomb\u012bra gl\u0101z\u012bt\u0113 120ml\/70g"},"content":{"rendered":"<p>SALDAIS KR\u0112JUMS 25 %, cukurs, vafe\u013cu gl\u0101z\u012bte 7% ((KVIE\u0160U milti, kartupe\u013cu ciete, rafin\u0113ta rap\u0161u e\u013c\u013ca, cukurs, emulgators (SOJAS lecit\u012bns), s\u0101ls, irdin\u0101t\u0101js (dzeram\u0101 soda)), atjaunots V\u0100JPIENS, \u0160OKOL\u0100DES masa 6% ((cukurs, KAKAO masa, KAKAO sviests, PIENA tauki, emulgators (SOJAS lecit\u012bns), dab\u012bgs aromatiz\u0113t\u0101js (vani\u013cas)), atjaunotas PIENA s\u016bkalas, OLU masa 2%, KAKAO pulveris, glikozes &#8212; fruktozes s\u012brups, emulgatori (tauksk\u0101bju monoglicer\u012bdi un diglicer\u012bdi), stabiliz\u0113t\u0101ji (celulozes sve\u0137i, gu\u0101ra sve\u0137i, karagin\u0101ns), \u016bdens. Produkts var satur\u0113t ZEMESRIEKSTUS un citu RIEKSTU da\u013ci\u0146as<\/p>\n","protected":false},"excerpt":{"rendered":"<p>9.86 \u20ac\/kg<\/p>\n","protected":false},"featured_media":1220818,"template":"","meta":{"_acf_changed":false,"inline_featured_image":false},"product_cat":[233,555],"product_tag":[],"acf":[],"aioseo_notices":[],"_links":{"self":[{"href":"https:\/\/ventspils.citro.lv\/ru\/wp-json\/wp\/v2\/product\/1078068"}],"collection":[{"href":"https:\/\/ventspils.citro.lv\/ru\/wp-json\/wp\/v2\/product"}],"about":[{"href":"https:\/\/ventspils.citro.lv\/ru\/wp-json\/wp\/v2\/types\/product"}],"wp:featuredmedia":[{"embeddable":true,"href":"https:\/\/ventspils.citro.lv\/ru\/wp-json\/wp\/v2\/media\/1220818"}],"wp:attachment":[{"href":"https:\/\/ventspils.citro.lv\/ru\/wp-json\/wp\/v2\/media?parent=1078068"}],"wp:term":[{"taxonomy":"product_cat","embeddable":true,"href":"https:\/\/ventspils.citro.lv\/ru\/wp-json\/wp\/v2\/product_cat?post=1078068"},{"taxonomy":"product_tag","embeddable":true,"href":"https:\/\/ventspils.citro.lv\/ru\/wp-json\/wp\/v2\/product_tag?post=1078068"}],"curies":[{"name":"wp","href":"https:\/\/api.w.org\/{rel}","templated":true}]}}