{"id":1078048,"date":"2026-03-27T11:57:03","date_gmt":"2026-03-27T09:57:03","guid":{"rendered":"https:\/\/ventspils.citro.lv\/veikals\/saldejums-oga-jogurta-persiku-vafelu-glazite-125ml-70g\/"},"modified":"2026-04-03T10:47:08","modified_gmt":"2026-04-03T07:47:08","slug":"saldejums-oga-jogurta-persiku-vafelu-glazite-125ml-70g","status":"publish","type":"product","link":"https:\/\/ventspils.citro.lv\/ru\/veikals\/saldejums-oga-jogurta-persiku-vafelu-glazite-125ml-70g\/","title":{"rendered":"Sald\u0113jums Oga jogurta persiku vafe\u013cu gl\u0101z\u012bt\u0113 125ml\/70g"},"content":{"rendered":"<p>persiku JOGURTA sald\u0113jums 93% [\u016bdens, persiku pild\u012bjums 15% (persiks 50%, cukurs, \u016bdens, glikozes s\u012brups, biezin\u0101t\u0101js: pekt\u012bns, sk\u0101buma regul\u0113t\u0101js: citronsk\u0101be, dab\u012bgs aromatiz\u0113t\u0101js, paprikas ekstrakts, kurkumas ekstrakts), SALDAIS KR\u0112JUMS, cukurs, V\u0100JPIENA pulveris, glikozes s\u012brups, stabilizatori: modific\u0113ta ciete, \u017eelat\u012bns; emulgators: tauksk\u0101bju mono- un diglicer\u012bdi, ieraugs ar bifido- un acidofil\u0101m bakt\u0113rij\u0101m], vafele 7% (KVIE\u0160U milti, KVIE\u0160U ciete, rap\u0161u e\u013c\u013ca, emulgators: SOJAS lecit\u012bns, s\u0101ls, irdin\u0101t\u0101js: E500).<\/p>\n","protected":false},"excerpt":{"rendered":"<p>9.86 \u20ac\/kg<\/p>\n","protected":false},"featured_media":1236907,"template":"","meta":{"_acf_changed":false,"inline_featured_image":false},"product_cat":[233,555],"product_tag":[],"acf":[],"aioseo_notices":[],"_links":{"self":[{"href":"https:\/\/ventspils.citro.lv\/ru\/wp-json\/wp\/v2\/product\/1078048"}],"collection":[{"href":"https:\/\/ventspils.citro.lv\/ru\/wp-json\/wp\/v2\/product"}],"about":[{"href":"https:\/\/ventspils.citro.lv\/ru\/wp-json\/wp\/v2\/types\/product"}],"wp:featuredmedia":[{"embeddable":true,"href":"https:\/\/ventspils.citro.lv\/ru\/wp-json\/wp\/v2\/media\/1236907"}],"wp:attachment":[{"href":"https:\/\/ventspils.citro.lv\/ru\/wp-json\/wp\/v2\/media?parent=1078048"}],"wp:term":[{"taxonomy":"product_cat","embeddable":true,"href":"https:\/\/ventspils.citro.lv\/ru\/wp-json\/wp\/v2\/product_cat?post=1078048"},{"taxonomy":"product_tag","embeddable":true,"href":"https:\/\/ventspils.citro.lv\/ru\/wp-json\/wp\/v2\/product_tag?post=1078048"}],"curies":[{"name":"wp","href":"https:\/\/api.w.org\/{rel}","templated":true}]}}