{"id":1078036,"date":"2026-05-14T02:45:14","date_gmt":"2026-05-13T23:45:14","guid":{"rendered":"https:\/\/ventspils.citro.lv\/veikals\/saldejums-magnum-double-cherry-85ml-71g\/"},"modified":"2026-05-14T02:45:37","modified_gmt":"2026-05-13T23:45:37","slug":"saldejums-magnum-double-cherry-85ml-71g","status":"publish","type":"product","link":"https:\/\/ventspils.citro.lv\/ru\/veikals\/saldejums-magnum-double-cherry-85ml-71g\/","title":{"rendered":"Sald\u0113jums Magnum Double Cherry 85ml\/71g"},"content":{"rendered":"<p>Atjaunots V\u0100JPIENS, cukurs, glikozes-fruktozes s\u012brups, kakao masa, sk\u0101bu \u0137ir\u0161u sula no koncentr\u0101ta (4,5%), kokosriekstu tauki, glikozes s\u012brups, sk\u0101bu \u0137ir\u0161u biezenis (3%), PILNPIENA pulveris, kakao sviests, upe\u0146u biezenis (2,5%), SVIESTA tauki, fruktoze, ave\u0146u biezenis (1,5%), s\u016bkalu sausnas (PIENS), sk\u0101bie \u0137ir\u0161i (1%), KR\u0112JUMS (1%), emulgatori (E471, E476, E442), laima sula no koncentr\u0101ta, modific\u0113ta ciete, bie\u0161u sulas koncentr\u0101ts, sk\u0101buma regul\u0113t\u0101ji (citronsk\u0101be, E331), stabiliz\u0113t\u0101ji (pekt\u012bns, gu\u0101ra sve\u0137i, tara sve\u0137i, ceratoniju aug\u013cu sve\u0137i, karagin\u0101ns), aromatiz\u0113t\u0101ji, spirul\u012bnas koncentr\u0101ts, melno burk\u0101nu koncentr\u0101ts, citronu sulas koncentr\u0101ts, s\u0101ls, kr\u0101sviela (antocian\u012bni). Var satur\u0113t SOJAS PUPAS, MANDELES, LAZDU RIEKSTUS, VALRIEKSTUS, INDIJAS RIEKSTUS, PEKANRIEKSTUS, BRAZ\u012aLIJAS RIEKSTUS, PIST\u0100CIJAS un MAKADAMIJAS RIEKSTUS.<\/p>\n","protected":false},"excerpt":{"rendered":"<p>20.99 \u20ac\/kg<\/p>\n","protected":false},"featured_media":1260749,"template":"","meta":{"_acf_changed":false,"inline_featured_image":false},"product_cat":[233,555],"product_tag":[],"acf":[],"aioseo_notices":[],"_links":{"self":[{"href":"https:\/\/ventspils.citro.lv\/ru\/wp-json\/wp\/v2\/product\/1078036"}],"collection":[{"href":"https:\/\/ventspils.citro.lv\/ru\/wp-json\/wp\/v2\/product"}],"about":[{"href":"https:\/\/ventspils.citro.lv\/ru\/wp-json\/wp\/v2\/types\/product"}],"wp:featuredmedia":[{"embeddable":true,"href":"https:\/\/ventspils.citro.lv\/ru\/wp-json\/wp\/v2\/media\/1260749"}],"wp:attachment":[{"href":"https:\/\/ventspils.citro.lv\/ru\/wp-json\/wp\/v2\/media?parent=1078036"}],"wp:term":[{"taxonomy":"product_cat","embeddable":true,"href":"https:\/\/ventspils.citro.lv\/ru\/wp-json\/wp\/v2\/product_cat?post=1078036"},{"taxonomy":"product_tag","embeddable":true,"href":"https:\/\/ventspils.citro.lv\/ru\/wp-json\/wp\/v2\/product_tag?post=1078036"}],"curies":[{"name":"wp","href":"https:\/\/api.w.org\/{rel}","templated":true}]}}