{"id":1070308,"date":"2026-05-02T01:09:50","date_gmt":"2026-05-01T22:09:50","guid":{"rendered":"https:\/\/ventspils.citro.lv\/veikals\/salati-spinati-100g-2-sk-italija\/"},"modified":"2026-05-02T01:09:55","modified_gmt":"2026-05-01T22:09:55","slug":"salati-spinati-100g-2-sk-italija","status":"publish","type":"product","link":"https:\/\/ventspils.citro.lv\/ru\/veikals\/salati-spinati-100g-2-sk-italija\/","title":{"rendered":"Sal\u0101ti Spin\u0101ti 100g 2.\u0161\u0137 It\u0101lija"},"content":{"rendered":"","protected":false},"excerpt":{"rendered":"<p>10.90 \u20ac\/kg<\/p>\n","protected":false},"featured_media":1127760,"template":"","meta":{"_acf_changed":false,"inline_featured_image":false},"product_cat":[97,99],"product_tag":[],"acf":[],"aioseo_notices":[],"_links":{"self":[{"href":"https:\/\/ventspils.citro.lv\/ru\/wp-json\/wp\/v2\/product\/1070308"}],"collection":[{"href":"https:\/\/ventspils.citro.lv\/ru\/wp-json\/wp\/v2\/product"}],"about":[{"href":"https:\/\/ventspils.citro.lv\/ru\/wp-json\/wp\/v2\/types\/product"}],"wp:featuredmedia":[{"embeddable":true,"href":"https:\/\/ventspils.citro.lv\/ru\/wp-json\/wp\/v2\/media\/1127760"}],"wp:attachment":[{"href":"https:\/\/ventspils.citro.lv\/ru\/wp-json\/wp\/v2\/media?parent=1070308"}],"wp:term":[{"taxonomy":"product_cat","embeddable":true,"href":"https:\/\/ventspils.citro.lv\/ru\/wp-json\/wp\/v2\/product_cat?post=1070308"},{"taxonomy":"product_tag","embeddable":true,"href":"https:\/\/ventspils.citro.lv\/ru\/wp-json\/wp\/v2\/product_tag?post=1070308"}],"curies":[{"name":"wp","href":"https:\/\/api.w.org\/{rel}","templated":true}]}}