{"id":1069651,"date":"2026-04-11T01:45:38","date_gmt":"2026-04-10T22:45:38","guid":{"rendered":"https:\/\/ventspils.citro.lv\/veikals\/kafija-auksta-ice-espresso-organic-230ml\/"},"modified":"2026-04-11T01:45:48","modified_gmt":"2026-04-10T22:45:48","slug":"kafija-auksta-ice-espresso-organic-230ml","status":"publish","type":"product","link":"https:\/\/ventspils.citro.lv\/ru\/veikals\/kafija-auksta-ice-espresso-organic-230ml\/","title":{"rendered":"Kafija aukst\u0101 Ice Espresso Organic 230ml"},"content":{"rendered":"<p>78% PIENS, 16% Arabica kafija (\u016bdens, kafijas ekstrakts), cukurs, biezin\u0101t\u0101js (karagin\u0101ns, gel\u0101na sve\u0137i), sk\u0101buma regul\u0113t\u0101js (n\u0101trija karbon\u0101ts), arom\u0101ts<\/p>\n","protected":false},"excerpt":{"rendered":"<p>7.78 \u20ac\/l<\/p>\n","protected":false},"featured_media":1244652,"template":"","meta":{"_acf_changed":false,"inline_featured_image":false},"product_cat":[95,166],"product_tag":[],"acf":[],"aioseo_notices":[],"_links":{"self":[{"href":"https:\/\/ventspils.citro.lv\/ru\/wp-json\/wp\/v2\/product\/1069651"}],"collection":[{"href":"https:\/\/ventspils.citro.lv\/ru\/wp-json\/wp\/v2\/product"}],"about":[{"href":"https:\/\/ventspils.citro.lv\/ru\/wp-json\/wp\/v2\/types\/product"}],"wp:featuredmedia":[{"embeddable":true,"href":"https:\/\/ventspils.citro.lv\/ru\/wp-json\/wp\/v2\/media\/1244652"}],"wp:attachment":[{"href":"https:\/\/ventspils.citro.lv\/ru\/wp-json\/wp\/v2\/media?parent=1069651"}],"wp:term":[{"taxonomy":"product_cat","embeddable":true,"href":"https:\/\/ventspils.citro.lv\/ru\/wp-json\/wp\/v2\/product_cat?post=1069651"},{"taxonomy":"product_tag","embeddable":true,"href":"https:\/\/ventspils.citro.lv\/ru\/wp-json\/wp\/v2\/product_tag?post=1069651"}],"curies":[{"name":"wp","href":"https:\/\/api.w.org\/{rel}","templated":true}]}}