{"id":1069650,"date":"2026-05-02T01:30:29","date_gmt":"2026-05-01T22:30:29","guid":{"rendered":"https:\/\/ventspils.citro.lv\/veikals\/kafija-auksta-ice-ar-salo-karameli-230-ml\/"},"modified":"2026-05-02T01:30:39","modified_gmt":"2026-05-01T22:30:39","slug":"kafija-auksta-ice-ar-salo-karameli-230-ml","status":"publish","type":"product","link":"https:\/\/ventspils.citro.lv\/ru\/veikals\/kafija-auksta-ice-ar-salo-karameli-230-ml\/","title":{"rendered":"Kafija aukst\u0101 Ice ar sa\u013co karameli 230 ml"},"content":{"rendered":"<p>PIENS, Arabica kafija (\u016bdens, kafijas ekstrakts 44%), cukurs, cukura s\u012brups, biezin\u0101t\u0101js (gu\u0101ra sve\u0137i), sk\u0101buma regul\u0113t\u0101js (trin\u0101trija citr\u0101ts E331iii), dab\u012bgs kafijas aromatiz\u0113t\u0101js<\/p>\n","protected":false},"excerpt":{"rendered":"<p>7.78 \u20ac\/l<\/p>\n","protected":false},"featured_media":1255610,"template":"","meta":{"_acf_changed":false,"inline_featured_image":false},"product_cat":[95,166],"product_tag":[],"acf":[],"aioseo_notices":[],"_links":{"self":[{"href":"https:\/\/ventspils.citro.lv\/ru\/wp-json\/wp\/v2\/product\/1069650"}],"collection":[{"href":"https:\/\/ventspils.citro.lv\/ru\/wp-json\/wp\/v2\/product"}],"about":[{"href":"https:\/\/ventspils.citro.lv\/ru\/wp-json\/wp\/v2\/types\/product"}],"wp:featuredmedia":[{"embeddable":true,"href":"https:\/\/ventspils.citro.lv\/ru\/wp-json\/wp\/v2\/media\/1255610"}],"wp:attachment":[{"href":"https:\/\/ventspils.citro.lv\/ru\/wp-json\/wp\/v2\/media?parent=1069650"}],"wp:term":[{"taxonomy":"product_cat","embeddable":true,"href":"https:\/\/ventspils.citro.lv\/ru\/wp-json\/wp\/v2\/product_cat?post=1069650"},{"taxonomy":"product_tag","embeddable":true,"href":"https:\/\/ventspils.citro.lv\/ru\/wp-json\/wp\/v2\/product_tag?post=1069650"}],"curies":[{"name":"wp","href":"https:\/\/api.w.org\/{rel}","templated":true}]}}