{"id":1061511,"date":"2026-04-03T00:46:24","date_gmt":"2026-04-02T21:46:24","guid":{"rendered":"https:\/\/ventspils.citro.lv\/veikals\/siers-maasdam-45-sver\/"},"modified":"2026-04-03T00:46:30","modified_gmt":"2026-04-02T21:46:30","slug":"siers-maasdam-45-sver","status":"publish","type":"product","link":"https:\/\/ventspils.citro.lv\/ru\/veikals\/siers-maasdam-45-sver\/","title":{"rendered":"Siers Maasdam 45%  sver."},"content":{"rendered":"<p>Tauku saturs sausn\u0101 45%.Beztauku da\u013cas mitrums 55%.Pusciets,vid\u0113ji trekns,nogatavin\u0101ts siers. Sast\u0101vda\u013ca: Pasteriz\u0113ts PIENS,p\u0101rtikas s\u0101ls,t\u012brkult\u016bras ieraugs,ferments,cietin\u0101t\u0101js (E-509 kalcija hlor\u012bds). Uzt\u016brv\u0113rt\u012bba 100g: ener\u0123\u0113tisk\u0101 v\u0113rt\u012bba: 1426kj\/343kcal; tauki 26g, tostarp pies\u0101tin\u0101t\u0101s tauksk\u0101bes 18g, og\u013chidr\u0101ti 1.3g, tostarp cukurs 0g, olbaltumvielas 26g, s\u0101ls 1.0g.  Uzglab\u0101\u0161anas temperat\u016bra no 0 l\u012bdz +10. Fas\u0113ts  AS Di\u0101na.  Izcelsmes valsts Polija.<\/p>\n","protected":false},"excerpt":{"rendered":"<p>5.69 \u20ac\/kg<\/p>\n","protected":false},"featured_media":1239339,"template":"","meta":{"_acf_changed":false,"inline_featured_image":false},"product_cat":[600,95],"product_tag":[],"acf":[],"aioseo_notices":[],"_links":{"self":[{"href":"https:\/\/ventspils.citro.lv\/ru\/wp-json\/wp\/v2\/product\/1061511"}],"collection":[{"href":"https:\/\/ventspils.citro.lv\/ru\/wp-json\/wp\/v2\/product"}],"about":[{"href":"https:\/\/ventspils.citro.lv\/ru\/wp-json\/wp\/v2\/types\/product"}],"wp:featuredmedia":[{"embeddable":true,"href":"https:\/\/ventspils.citro.lv\/ru\/wp-json\/wp\/v2\/media\/1239339"}],"wp:attachment":[{"href":"https:\/\/ventspils.citro.lv\/ru\/wp-json\/wp\/v2\/media?parent=1061511"}],"wp:term":[{"taxonomy":"product_cat","embeddable":true,"href":"https:\/\/ventspils.citro.lv\/ru\/wp-json\/wp\/v2\/product_cat?post=1061511"},{"taxonomy":"product_tag","embeddable":true,"href":"https:\/\/ventspils.citro.lv\/ru\/wp-json\/wp\/v2\/product_tag?post=1061511"}],"curies":[{"name":"wp","href":"https:\/\/api.w.org\/{rel}","templated":true}]}}