{"id":1058712,"date":"2026-01-29T01:30:29","date_gmt":"2026-01-28T23:30:29","guid":{"rendered":"https:\/\/ventspils.citro.lv\/veikals\/lasa-bumbinas-ar-sieru-panejuma-500g\/"},"modified":"2026-02-18T12:44:32","modified_gmt":"2026-02-18T10:44:32","slug":"lasa-bumbinas-ar-sieru-panejuma-500g","status":"publish","type":"product","link":"https:\/\/ventspils.citro.lv\/ru\/veikals\/lasa-bumbinas-ar-sieru-panejuma-500g\/","title":{"rendered":"La\u0161a bumbi\u0146as ar sieru pan\u0113jum\u0101 500g"},"content":{"rendered":"","protected":false},"excerpt":{"rendered":"<p>9.98 \u20ac\/kg<\/p>\n","protected":false},"featured_media":1201186,"template":"","meta":{"_acf_changed":false,"inline_featured_image":false},"product_cat":[231,564],"product_tag":[],"acf":[],"aioseo_notices":[],"_links":{"self":[{"href":"https:\/\/ventspils.citro.lv\/ru\/wp-json\/wp\/v2\/product\/1058712"}],"collection":[{"href":"https:\/\/ventspils.citro.lv\/ru\/wp-json\/wp\/v2\/product"}],"about":[{"href":"https:\/\/ventspils.citro.lv\/ru\/wp-json\/wp\/v2\/types\/product"}],"wp:featuredmedia":[{"embeddable":true,"href":"https:\/\/ventspils.citro.lv\/ru\/wp-json\/wp\/v2\/media\/1201186"}],"wp:attachment":[{"href":"https:\/\/ventspils.citro.lv\/ru\/wp-json\/wp\/v2\/media?parent=1058712"}],"wp:term":[{"taxonomy":"product_cat","embeddable":true,"href":"https:\/\/ventspils.citro.lv\/ru\/wp-json\/wp\/v2\/product_cat?post=1058712"},{"taxonomy":"product_tag","embeddable":true,"href":"https:\/\/ventspils.citro.lv\/ru\/wp-json\/wp\/v2\/product_tag?post=1058712"}],"curies":[{"name":"wp","href":"https:\/\/api.w.org\/{rel}","templated":true}]}}