{"id":1058711,"date":"2026-01-14T08:30:02","date_gmt":"2026-01-14T06:30:02","guid":{"rendered":"https:\/\/ventspils.citro.lv\/veikals\/zivju-pirkstini-saldeti-sver\/"},"modified":"2026-01-14T08:30:07","modified_gmt":"2026-01-14T06:30:07","slug":"zivju-pirkstini-saldeti-sver","status":"publish","type":"product","link":"https:\/\/ventspils.citro.lv\/ru\/veikals\/zivju-pirkstini-saldeti-sver\/","title":{"rendered":"Zivju pirksti\u0146i sald\u0113ti sver."},"content":{"rendered":"<p>Sast\u0101vda\u013cas: Balt\u0101s ZIVIS (65%), r\u012bvmaize  (KVIE\u0160U milti, kalcija karbon\u0101ts, dzelzs, niac\u012bns (B3), tiam\u012bns (B1)), augu e\u013c\u013cas (saulespu\u0137u, rap\u0161u), r\u012bsu milti, kukur\u016bzas milti, KVIE\u0160U lipeklis,modific\u0113ta KVIE\u0160U, kukur\u016bzas, kartupe\u013cu ciete, aunazir\u0146u milti, PILNGRAUDU milti, PILNGRAUDU iesalas milti, kokosriekstu skaidas, s\u0101ls, \u016bdens, raugs, dekstroze, gar\u0161vielas (pipars, paprika, kurkuma, p\u0113ters\u012blis, puravi, liv\u00e8che (fen\u016bka s\u0113klas), irdin\u0101t\u0101js (din\u0101trija difosf\u0101ts ,n\u0101trija karbon\u0101ts), sk\u0101buma regul\u0113t\u0101js (n\u0101trija hidroks\u012bds) rauga ekstrakst, arom\u0101ts, kartupe\u013cu dekstr\u012bns, tapiokas dekstr\u012bns, cukurs.Pagatavo\u0161anas instrukcija: uzkars\u0113 e\u013c\u013cu, cep neatlaidin\u0101t\u0101s porcijas 3-4 min\u016btes no katras puses. Uzglab\u0101\u0161anas temperat\u016bra:-18 \u2103, p\u0113c atkaus\u0113\u0161anas atk\u0101rtoti nesasald\u0113t.   Uzturv\u0113rt\u012bba 100g: Ener\u0123\u0113tisk\u0101 v\u0113rt\u012bba: 852 KJ \/ 203 kcal, Tauki 8,5g, tostarp pies\u0101tin\u0101tie tauki 0.8g. Og\u013chidr\u0101ti 17.6g tostarp  cukuri: 1,0g, Olbaltumvielas 12,6g, S\u0101ls: 0,8g.<\/p>\n","protected":false},"excerpt":{"rendered":"<p>3.69 \u20ac\/kg<\/p>\n","protected":false},"featured_media":1193273,"template":"","meta":{"_acf_changed":false,"inline_featured_image":false},"product_cat":[231,564],"product_tag":[],"acf":[],"aioseo_notices":[],"_links":{"self":[{"href":"https:\/\/ventspils.citro.lv\/ru\/wp-json\/wp\/v2\/product\/1058711"}],"collection":[{"href":"https:\/\/ventspils.citro.lv\/ru\/wp-json\/wp\/v2\/product"}],"about":[{"href":"https:\/\/ventspils.citro.lv\/ru\/wp-json\/wp\/v2\/types\/product"}],"wp:featuredmedia":[{"embeddable":true,"href":"https:\/\/ventspils.citro.lv\/ru\/wp-json\/wp\/v2\/media\/1193273"}],"wp:attachment":[{"href":"https:\/\/ventspils.citro.lv\/ru\/wp-json\/wp\/v2\/media?parent=1058711"}],"wp:term":[{"taxonomy":"product_cat","embeddable":true,"href":"https:\/\/ventspils.citro.lv\/ru\/wp-json\/wp\/v2\/product_cat?post=1058711"},{"taxonomy":"product_tag","embeddable":true,"href":"https:\/\/ventspils.citro.lv\/ru\/wp-json\/wp\/v2\/product_tag?post=1058711"}],"curies":[{"name":"wp","href":"https:\/\/api.w.org\/{rel}","templated":true}]}}