{"id":1058616,"date":"2026-04-10T09:21:02","date_gmt":"2026-04-10T06:21:02","guid":{"rendered":"https:\/\/ventspils.citro.lv\/veikals\/cepumi-sarkana-velveta-baltas-sokolades-glazura-128g\/"},"modified":"2026-05-08T10:31:12","modified_gmt":"2026-05-08T07:31:12","slug":"cepumi-sarkana-velveta-baltas-sokolades-glazura-128g","status":"publish","type":"product","link":"https:\/\/ventspils.citro.lv\/ru\/veikals\/cepumi-sarkana-velveta-baltas-sokolades-glazura-128g\/","title":{"rendered":"Cepumi sarkan\u0101 velveta balt\u0101s \u0161okol\u0101des glaz\u016br\u0101 128g"},"content":{"rendered":"<p>(ES) KVIE\u0160U milti, PIENA glaz\u016bra 27% [cukurs, augu tauki (palmu e\u013c\u013ca, palmu kauli\u0146u e\u013c\u013ca), PILNPIENA pulveris 4,1%, V\u0100JPIENA pulveris 1,8%, emulgators: SOJAS lecit\u012bns; aromatiz\u0113t\u0101js], PIENA kr\u0113juma pild\u012bjums 25% [cukurs, augu tauki (palmu e\u013c\u013ca, rap\u0161u e\u013c\u013ca), s\u016bkalu pulveris (no PIENA), V\u0100JPIENA pulveris 1,8%, aromatiz\u0113t\u0101js), augu tauki (palmu e\u013c\u013ca, rap\u0161u e\u013c\u013ca, cukurs], cepumi 2% [KVIE\u0160U milti, augu tauki (palmu e\u013c\u013ca, rap\u0161u e\u013c\u013ca), cukurs, irdin\u0101t\u0101js: n\u0101trija karbon\u0101ti, aromatiz\u0113t\u0101js], kr\u0101svielu mais\u012bjums (maltodekstr\u012bns, sarkano bie\u0161u koncentr\u0101ts, askorb\u012bnsk\u0101be E300, citronsk\u0101be E330), irdin\u0101t\u0101js: n\u0101trija karbon\u0101ti, aromatiz\u0113t\u0101js. Produkts var satur\u0113t ZEMESRIEKSTU, RIEKSTU, SEZAMA S\u0112KLU, OLU un to produktu da\u013ci\u0146as.<\/p>\n","protected":false},"excerpt":{"rendered":"<p>20.23 \u20ac\/kg<\/p>\n","protected":false},"featured_media":1244135,"template":"","meta":{"_acf_changed":false,"inline_featured_image":false},"product_cat":[125,139],"product_tag":[],"acf":[],"aioseo_notices":[],"_links":{"self":[{"href":"https:\/\/ventspils.citro.lv\/ru\/wp-json\/wp\/v2\/product\/1058616"}],"collection":[{"href":"https:\/\/ventspils.citro.lv\/ru\/wp-json\/wp\/v2\/product"}],"about":[{"href":"https:\/\/ventspils.citro.lv\/ru\/wp-json\/wp\/v2\/types\/product"}],"wp:featuredmedia":[{"embeddable":true,"href":"https:\/\/ventspils.citro.lv\/ru\/wp-json\/wp\/v2\/media\/1244135"}],"wp:attachment":[{"href":"https:\/\/ventspils.citro.lv\/ru\/wp-json\/wp\/v2\/media?parent=1058616"}],"wp:term":[{"taxonomy":"product_cat","embeddable":true,"href":"https:\/\/ventspils.citro.lv\/ru\/wp-json\/wp\/v2\/product_cat?post=1058616"},{"taxonomy":"product_tag","embeddable":true,"href":"https:\/\/ventspils.citro.lv\/ru\/wp-json\/wp\/v2\/product_tag?post=1058616"}],"curies":[{"name":"wp","href":"https:\/\/api.w.org\/{rel}","templated":true}]}}