{"id":1052280,"date":"2026-04-10T09:24:59","date_gmt":"2026-04-10T06:24:59","guid":{"rendered":"https:\/\/ventspils.citro.lv\/veikals\/sausmaizites-ar-galerta-un-marrutku-garsu-obertosy-100g\/"},"modified":"2026-04-10T09:25:04","modified_gmt":"2026-04-10T06:25:04","slug":"sausmaizites-ar-galerta-un-marrutku-garsu-obertosy-100g","status":"publish","type":"product","link":"https:\/\/ventspils.citro.lv\/ru\/veikals\/sausmaizites-ar-galerta-un-marrutku-garsu-obertosy-100g\/","title":{"rendered":"Sausmaiz\u012btes ar galerta un m\u0101rrutku gar\u0161u Obertosy 100g"},"content":{"rendered":"<p>maize &#171;Borodinas&#187; (pirmas \u0161\u0137iras KVIE\u0160U milti,rupj\u0101 maluma RUDZU milti,dzeramais \u016bdens,raudz\u0113ts RUDZU iesals,baltais krist\u0101liskais cukurs, galda s\u0101ls,pres\u0113ts maizes raugs, nerafin\u0113ta e\u013c\u013ca,malts koriandrs),rafin\u0113ta dezodor\u0113ta e\u013c\u013ca ar augstu ole\u012bnsk\u0101bes saturu:aromatiz\u0113t\u0101ju mais\u012bjums &#171;Galerts un m\u0101rrutki&#187; &#8212; 4,8% (\u012bpa\u0161i smalks galda s\u0101ls, krist\u0101lisks glikozes monohidr\u0101ts,maltodekstr\u012bns,baltais cukurs,gar\u0161as  pastiprin\u0101t\u0101ji: monon\u0101trija glutam\u0101ts,din\u0101trija guanil\u0101ts,din\u0101trija inozin\u0101ts,aromatiz\u0113t\u0101ji (SOJAS pupi\u0146as), maltas SINEPES, hidroliz\u0113ts augu prote\u012bns,\u0137iploki,pretsalipes viela &#8212; sil\u012bcija dioks\u012bds)<\/p>\n","protected":false},"excerpt":{"rendered":"<p>16.50 \u20ac\/kg<\/p>\n","protected":false},"featured_media":1244157,"template":"","meta":{"_acf_changed":false,"inline_featured_image":false},"product_cat":[215,218],"product_tag":[],"acf":[],"aioseo_notices":[],"_links":{"self":[{"href":"https:\/\/ventspils.citro.lv\/ru\/wp-json\/wp\/v2\/product\/1052280"}],"collection":[{"href":"https:\/\/ventspils.citro.lv\/ru\/wp-json\/wp\/v2\/product"}],"about":[{"href":"https:\/\/ventspils.citro.lv\/ru\/wp-json\/wp\/v2\/types\/product"}],"wp:featuredmedia":[{"embeddable":true,"href":"https:\/\/ventspils.citro.lv\/ru\/wp-json\/wp\/v2\/media\/1244157"}],"wp:attachment":[{"href":"https:\/\/ventspils.citro.lv\/ru\/wp-json\/wp\/v2\/media?parent=1052280"}],"wp:term":[{"taxonomy":"product_cat","embeddable":true,"href":"https:\/\/ventspils.citro.lv\/ru\/wp-json\/wp\/v2\/product_cat?post=1052280"},{"taxonomy":"product_tag","embeddable":true,"href":"https:\/\/ventspils.citro.lv\/ru\/wp-json\/wp\/v2\/product_tag?post=1052280"}],"curies":[{"name":"wp","href":"https:\/\/api.w.org\/{rel}","templated":true}]}}