{"id":1052273,"date":"2026-04-15T01:42:24","date_gmt":"2026-04-14T22:42:24","guid":{"rendered":"https:\/\/ventspils.citro.lv\/veikals\/vafeles-ar-krejuma-garsu-ranele-30g\/"},"modified":"2026-04-25T10:01:07","modified_gmt":"2026-04-25T07:01:07","slug":"vafeles-ar-krejuma-garsu-ranele-30g","status":"publish","type":"product","link":"https:\/\/ventspils.citro.lv\/ru\/veikals\/vafeles-ar-krejuma-garsu-ranele-30g\/","title":{"rendered":"Vafeles ar kr\u0113juma gar\u0161u Ranele 30g"},"content":{"rendered":"<p>KVIE\u0160U milti, cukurs, augu e\u013c\u013cas un tauki (palmu e\u013c\u013ca, palmu kodolu e\u013c\u013ca, \u0161\u012b sviests), S\u016aKALU pulveris, KVIE\u0160U ciete, rap\u0161u e\u013c\u013ca, OLU pulveris, emulgators: SOJAS lecit\u012bni; s\u0101ls, irdin\u0101t\u0101js: n\u0101trija karbon\u0101ti; aromatiz\u0113t\u0101js vani\u013cas- kr\u0113juma. Var satur\u0113t SEZAMA S\u0112KLU, SINEPJU, ZEMESRIEKSTU un RIEKSTU da\u013ci\u0146as.<\/p>\n","protected":false},"excerpt":{"rendered":"<p>8.33 \u20ac\/kg<\/p>\n","protected":false},"featured_media":1246071,"template":"","meta":{"_acf_changed":false,"inline_featured_image":false},"product_cat":[125,209],"product_tag":[],"acf":[],"aioseo_notices":[],"_links":{"self":[{"href":"https:\/\/ventspils.citro.lv\/ru\/wp-json\/wp\/v2\/product\/1052273"}],"collection":[{"href":"https:\/\/ventspils.citro.lv\/ru\/wp-json\/wp\/v2\/product"}],"about":[{"href":"https:\/\/ventspils.citro.lv\/ru\/wp-json\/wp\/v2\/types\/product"}],"wp:featuredmedia":[{"embeddable":true,"href":"https:\/\/ventspils.citro.lv\/ru\/wp-json\/wp\/v2\/media\/1246071"}],"wp:attachment":[{"href":"https:\/\/ventspils.citro.lv\/ru\/wp-json\/wp\/v2\/media?parent=1052273"}],"wp:term":[{"taxonomy":"product_cat","embeddable":true,"href":"https:\/\/ventspils.citro.lv\/ru\/wp-json\/wp\/v2\/product_cat?post=1052273"},{"taxonomy":"product_tag","embeddable":true,"href":"https:\/\/ventspils.citro.lv\/ru\/wp-json\/wp\/v2\/product_tag?post=1052273"}],"curies":[{"name":"wp","href":"https:\/\/api.w.org\/{rel}","templated":true}]}}