{"id":1052258,"date":"2026-04-01T02:48:58","date_gmt":"2026-03-31T23:48:58","guid":{"rendered":"https:\/\/ventspils.citro.lv\/veikals\/batonins-proteina-dubultas-sokolades-iconbar-45g\/"},"modified":"2026-04-01T02:49:08","modified_gmt":"2026-03-31T23:49:08","slug":"batonins-proteina-dubultas-sokolades-iconbar-45g","status":"publish","type":"product","link":"https:\/\/ventspils.citro.lv\/ru\/veikals\/batonins-proteina-dubultas-sokolades-iconbar-45g\/","title":{"rendered":"Batoni\u0146\u0161 prote\u012bna dubult\u0101s \u0161okol\u0101des Iconbar 45g"},"content":{"rendered":"","protected":false},"excerpt":{"rendered":"<p>30.89 \u20ac\/kg<\/p>\n","protected":false},"featured_media":1238840,"template":"","meta":{"_acf_changed":false,"inline_featured_image":false},"product_cat":[368,116],"product_tag":[],"acf":[],"aioseo_notices":[],"_links":{"self":[{"href":"https:\/\/ventspils.citro.lv\/ru\/wp-json\/wp\/v2\/product\/1052258"}],"collection":[{"href":"https:\/\/ventspils.citro.lv\/ru\/wp-json\/wp\/v2\/product"}],"about":[{"href":"https:\/\/ventspils.citro.lv\/ru\/wp-json\/wp\/v2\/types\/product"}],"wp:featuredmedia":[{"embeddable":true,"href":"https:\/\/ventspils.citro.lv\/ru\/wp-json\/wp\/v2\/media\/1238840"}],"wp:attachment":[{"href":"https:\/\/ventspils.citro.lv\/ru\/wp-json\/wp\/v2\/media?parent=1052258"}],"wp:term":[{"taxonomy":"product_cat","embeddable":true,"href":"https:\/\/ventspils.citro.lv\/ru\/wp-json\/wp\/v2\/product_cat?post=1052258"},{"taxonomy":"product_tag","embeddable":true,"href":"https:\/\/ventspils.citro.lv\/ru\/wp-json\/wp\/v2\/product_tag?post=1052258"}],"curies":[{"name":"wp","href":"https:\/\/api.w.org\/{rel}","templated":true}]}}