{"id":1052257,"date":"2026-04-23T10:52:11","date_gmt":"2026-04-23T07:52:11","guid":{"rendered":"https:\/\/ventspils.citro.lv\/veikals\/batonins-proteina-kokosa-iconbar-45g\/"},"modified":"2026-04-23T10:52:22","modified_gmt":"2026-04-23T07:52:22","slug":"batonins-proteina-kokosa-iconbar-45g","status":"publish","type":"product","link":"https:\/\/ventspils.citro.lv\/ru\/veikals\/batonins-proteina-kokosa-iconbar-45g\/","title":{"rendered":"Batoni\u0146\u0161 prote\u012bna kokosa Iconbar 45g"},"content":{"rendered":"","protected":false},"excerpt":{"rendered":"<p>39.78 \u20ac\/kg<\/p>\n","protected":false},"featured_media":1250945,"template":"","meta":{"_acf_changed":false,"inline_featured_image":false},"product_cat":[368,116],"product_tag":[],"acf":[],"aioseo_notices":[],"_links":{"self":[{"href":"https:\/\/ventspils.citro.lv\/ru\/wp-json\/wp\/v2\/product\/1052257"}],"collection":[{"href":"https:\/\/ventspils.citro.lv\/ru\/wp-json\/wp\/v2\/product"}],"about":[{"href":"https:\/\/ventspils.citro.lv\/ru\/wp-json\/wp\/v2\/types\/product"}],"wp:featuredmedia":[{"embeddable":true,"href":"https:\/\/ventspils.citro.lv\/ru\/wp-json\/wp\/v2\/media\/1250945"}],"wp:attachment":[{"href":"https:\/\/ventspils.citro.lv\/ru\/wp-json\/wp\/v2\/media?parent=1052257"}],"wp:term":[{"taxonomy":"product_cat","embeddable":true,"href":"https:\/\/ventspils.citro.lv\/ru\/wp-json\/wp\/v2\/product_cat?post=1052257"},{"taxonomy":"product_tag","embeddable":true,"href":"https:\/\/ventspils.citro.lv\/ru\/wp-json\/wp\/v2\/product_tag?post=1052257"}],"curies":[{"name":"wp","href":"https:\/\/api.w.org\/{rel}","templated":true}]}}