{"id":1052210,"date":"2026-04-10T08:36:56","date_gmt":"2026-04-10T05:36:56","guid":{"rendered":"https:\/\/ventspils.citro.lv\/veikals\/sausas-brok-gredzentini-ar-cepumu-garsu-foxi-420g\/"},"modified":"2026-04-10T08:37:00","modified_gmt":"2026-04-10T05:37:00","slug":"sausas-brok-gredzentini-ar-cepumu-garsu-foxi-420g","status":"publish","type":"product","link":"https:\/\/ventspils.citro.lv\/ru\/veikals\/sausas-brok-gredzentini-ar-cepumu-garsu-foxi-420g\/","title":{"rendered":"Saus\u0101s brok. gredzenti\u0146i ar cepumu gar\u0161u Foxi 420g"},"content":{"rendered":"","protected":false},"excerpt":{"rendered":"<p>5.93 \u20ac\/kg<\/p>\n","protected":false},"featured_media":1243955,"template":"","meta":{"_acf_changed":false,"inline_featured_image":false},"product_cat":[604,125],"product_tag":[],"acf":[],"aioseo_notices":[],"_links":{"self":[{"href":"https:\/\/ventspils.citro.lv\/ru\/wp-json\/wp\/v2\/product\/1052210"}],"collection":[{"href":"https:\/\/ventspils.citro.lv\/ru\/wp-json\/wp\/v2\/product"}],"about":[{"href":"https:\/\/ventspils.citro.lv\/ru\/wp-json\/wp\/v2\/types\/product"}],"wp:featuredmedia":[{"embeddable":true,"href":"https:\/\/ventspils.citro.lv\/ru\/wp-json\/wp\/v2\/media\/1243955"}],"wp:attachment":[{"href":"https:\/\/ventspils.citro.lv\/ru\/wp-json\/wp\/v2\/media?parent=1052210"}],"wp:term":[{"taxonomy":"product_cat","embeddable":true,"href":"https:\/\/ventspils.citro.lv\/ru\/wp-json\/wp\/v2\/product_cat?post=1052210"},{"taxonomy":"product_tag","embeddable":true,"href":"https:\/\/ventspils.citro.lv\/ru\/wp-json\/wp\/v2\/product_tag?post=1052210"}],"curies":[{"name":"wp","href":"https:\/\/api.w.org\/{rel}","templated":true}]}}