{"id":1052192,"date":"2026-04-10T08:12:48","date_gmt":"2026-04-10T05:12:48","guid":{"rendered":"https:\/\/ventspils.citro.lv\/veikals\/sausas-brok-krasainie-gredzentini-foxi-500g\/"},"modified":"2026-04-14T11:04:33","modified_gmt":"2026-04-14T08:04:33","slug":"sausas-brok-krasainie-gredzentini-foxi-500g","status":"publish","type":"product","link":"https:\/\/ventspils.citro.lv\/ru\/veikals\/sausas-brok-krasainie-gredzentini-foxi-500g\/","title":{"rendered":"Saus\u0101s brok. kr\u0101sainie gredzenti\u0146i Foxi 500g"},"content":{"rendered":"","protected":false},"excerpt":{"rendered":"<p>4.98 \u20ac\/kg<\/p>\n","protected":false},"featured_media":1243850,"template":"","meta":{"_acf_changed":false,"inline_featured_image":false},"product_cat":[604,125],"product_tag":[],"acf":[],"aioseo_notices":[],"_links":{"self":[{"href":"https:\/\/ventspils.citro.lv\/ru\/wp-json\/wp\/v2\/product\/1052192"}],"collection":[{"href":"https:\/\/ventspils.citro.lv\/ru\/wp-json\/wp\/v2\/product"}],"about":[{"href":"https:\/\/ventspils.citro.lv\/ru\/wp-json\/wp\/v2\/types\/product"}],"wp:featuredmedia":[{"embeddable":true,"href":"https:\/\/ventspils.citro.lv\/ru\/wp-json\/wp\/v2\/media\/1243850"}],"wp:attachment":[{"href":"https:\/\/ventspils.citro.lv\/ru\/wp-json\/wp\/v2\/media?parent=1052192"}],"wp:term":[{"taxonomy":"product_cat","embeddable":true,"href":"https:\/\/ventspils.citro.lv\/ru\/wp-json\/wp\/v2\/product_cat?post=1052192"},{"taxonomy":"product_tag","embeddable":true,"href":"https:\/\/ventspils.citro.lv\/ru\/wp-json\/wp\/v2\/product_tag?post=1052192"}],"curies":[{"name":"wp","href":"https:\/\/api.w.org\/{rel}","templated":true}]}}