{"id":1048097,"date":"2026-03-10T02:15:49","date_gmt":"2026-03-10T00:15:49","guid":{"rendered":"https:\/\/ventspils.citro.lv\/veikals\/pelmeni-po-uralski-ar-galu-400g\/"},"modified":"2026-03-24T14:58:09","modified_gmt":"2026-03-24T12:58:09","slug":"pelmeni-po-uralski-ar-galu-400g","status":"publish","type":"product","link":"https:\/\/ventspils.citro.lv\/ru\/veikals\/pelmeni-po-uralski-ar-galu-400g\/","title":{"rendered":"Pelme\u0146i Po Ura\u013cski ar ga\u013cu 400g"},"content":{"rendered":"","protected":false},"excerpt":{"rendered":"<p>4.73 \u20ac\/kg<\/p>\n","protected":false},"featured_media":1222783,"template":"","meta":{"_acf_changed":false,"inline_featured_image":false},"product_cat":[539,231],"product_tag":[],"acf":[],"aioseo_notices":[],"_links":{"self":[{"href":"https:\/\/ventspils.citro.lv\/ru\/wp-json\/wp\/v2\/product\/1048097"}],"collection":[{"href":"https:\/\/ventspils.citro.lv\/ru\/wp-json\/wp\/v2\/product"}],"about":[{"href":"https:\/\/ventspils.citro.lv\/ru\/wp-json\/wp\/v2\/types\/product"}],"wp:featuredmedia":[{"embeddable":true,"href":"https:\/\/ventspils.citro.lv\/ru\/wp-json\/wp\/v2\/media\/1222783"}],"wp:attachment":[{"href":"https:\/\/ventspils.citro.lv\/ru\/wp-json\/wp\/v2\/media?parent=1048097"}],"wp:term":[{"taxonomy":"product_cat","embeddable":true,"href":"https:\/\/ventspils.citro.lv\/ru\/wp-json\/wp\/v2\/product_cat?post=1048097"},{"taxonomy":"product_tag","embeddable":true,"href":"https:\/\/ventspils.citro.lv\/ru\/wp-json\/wp\/v2\/product_tag?post=1048097"}],"curies":[{"name":"wp","href":"https:\/\/api.w.org\/{rel}","templated":true}]}}