{"id":1047116,"date":"2026-04-24T10:57:03","date_gmt":"2026-04-24T07:57:03","guid":{"rendered":"https:\/\/ventspils.citro.lv\/veikals\/cisini-doktora-premium-350g\/"},"modified":"2026-04-26T14:15:43","modified_gmt":"2026-04-26T11:15:43","slug":"cisini-doktora-premium-350g","status":"publish","type":"product","link":"https:\/\/ventspils.citro.lv\/ru\/veikals\/cisini-doktora-premium-350g\/","title":{"rendered":"Cisi\u0146i doktora PREMIUM 350g"},"content":{"rendered":"<p>Sast\u0101vda\u013cas: c\u016bkga\u013ca*, \u016bdens, c\u016bkga\u013cas spe\u0137is, c\u016bku \u0101di\u0146as, vistas ga\u013ca, s\u0101ls, stabilizatori: E450, E451, E407, arom\u0101ta un gar\u0161as pastiprin\u0101t\u0101js E621, dekstroze, antioksidanti E301, E306, rauga ekstrakts, arom\u0101tisk\u0101s vielas (k\u016bpin\u0101\u0161anas aromatiz\u0113t\u0101js, d\u016bmu), k\u016bpin\u0101t\u0101 s\u0101ls, c\u016bkga\u013cas prote\u012bni, gar\u0161vielu ekstrakti: \u0137iploks, sarkanie pipari, gar\u0161vielas (\u010dili), biezin\u0101t\u0101js E425, transglutamin\u0101zes ferments, konservanti E250, E267. Desi\u0146u apvalks nav \u0113dams. (Iepakots, izmantojot aizsargg\u0101zes).100 g produkta ener\u0123\u0113tisk\u0101 un uzturv\u0113rt\u012bba: 1036 kJ \/ 248 kcal; tauki &#8212; 22 g, no tiem pies\u0101tin\u0101t\u0101s tauksk\u0101bes &#8212; 11 g; og\u013chidr\u0101ti &#8212; 1 g, no tiem cukuri &#8212; 1 g; olbaltumvielas &#8212; 11,6 g; s\u0101ls &#8212; 1,62 g.P\u0113c iepakojuma atv\u0113r\u0161anas izlietot 48 stundu laik\u0101, bet ne v\u0113l\u0101k k\u0101 l\u012bdz eti\u0137et\u0113 nor\u0101d\u012btajam der\u012bguma termi\u0146am.Ra\u017eot\u0101js &#8212; Lietuva.<\/p>\n","protected":false},"excerpt":{"rendered":"<p>5.40 \u20ac\/kg<\/p>\n","protected":false},"featured_media":1253191,"template":"","meta":{"_acf_changed":false,"inline_featured_image":false},"product_cat":[135,192],"product_tag":[],"acf":[],"aioseo_notices":[],"_links":{"self":[{"href":"https:\/\/ventspils.citro.lv\/ru\/wp-json\/wp\/v2\/product\/1047116"}],"collection":[{"href":"https:\/\/ventspils.citro.lv\/ru\/wp-json\/wp\/v2\/product"}],"about":[{"href":"https:\/\/ventspils.citro.lv\/ru\/wp-json\/wp\/v2\/types\/product"}],"wp:featuredmedia":[{"embeddable":true,"href":"https:\/\/ventspils.citro.lv\/ru\/wp-json\/wp\/v2\/media\/1253191"}],"wp:attachment":[{"href":"https:\/\/ventspils.citro.lv\/ru\/wp-json\/wp\/v2\/media?parent=1047116"}],"wp:term":[{"taxonomy":"product_cat","embeddable":true,"href":"https:\/\/ventspils.citro.lv\/ru\/wp-json\/wp\/v2\/product_cat?post=1047116"},{"taxonomy":"product_tag","embeddable":true,"href":"https:\/\/ventspils.citro.lv\/ru\/wp-json\/wp\/v2\/product_tag?post=1047116"}],"curies":[{"name":"wp","href":"https:\/\/api.w.org\/{rel}","templated":true}]}}