{"id":1047054,"date":"2026-04-24T10:30:03","date_gmt":"2026-04-24T07:30:03","guid":{"rendered":"https:\/\/ventspils.citro.lv\/veikals\/salami-k-kup-ar-sieru-burmistro-450g\/"},"modified":"2026-04-24T10:30:13","modified_gmt":"2026-04-24T07:30:13","slug":"salami-k-kup-ar-sieru-burmistro-450g","status":"publish","type":"product","link":"https:\/\/ventspils.citro.lv\/ru\/veikals\/salami-k-kup-ar-sieru-burmistro-450g\/","title":{"rendered":"Salami k\/ k\u016bp.ar sieru Burmistro 450g"},"content":{"rendered":"<p>Sast\u0101vda\u013cas: meh\u0101niski atdal\u012bta vistas ga\u013ca*, c\u016bkga\u013cas spekis*, SIERS 10% (PIENS, s\u0101ls, sk\u0101bs, mikrobiolo\u0123iskais enz\u012bms) SOJAS prote\u012bna izol\u0101ts 1,5%, s\u0101ls, dekstroze, aromatiz\u0113t\u0101ji, glikozes s\u012brups, ciete, modific\u0113ta ciete, stabilizatori E401, E516, E450, E 451, arom\u0101ts un gar\u0161as pastiprin\u0101t\u0101js E 621, E 635, aromatiz\u0113t\u0101ji, kalt\u0113ti d\u0101rze\u0146i (\u0137iploki), sk\u0101buma regul\u0113t\u0101ji E262, E327, E331, E 330, antioksidanti E 300, E301, transglutamin\u0101zes enz\u012bms, arom\u0101tisks k\u016bpin\u0101\u0161anas l\u012bdzeklis, gar\u0161vielas, kr\u0101sviela E 120, l\u012bmviela a\u0123ents E 551, gar\u0161vielu ekstrakti, kr\u0101sviela karm\u012bns, konservants E250.Apvalks ne\u0113dams. Ener\u0123\u0113tisk\u0101 un uzturv\u0113rt\u012bba 100g produktam: 1243kJ\/297kcal, tauki -25,5g, no tiem pies\u0101tin\u0101t\u0101s tauksk\u0101bes -9,4g, og\u013chidr\u0101ti -1,1g, no tiem cukurs -0,7g, olbaltumvielas -15,7g, s\u0101ls -3, 3g iepakojums ir boj\u0101ts, izlietot 48 stundu laik\u0101, bet ne v\u0113l\u0101k k\u0101 uz eti\u0137etes nor\u0101d\u012btaj\u0101 der\u012bguma termi\u0146\u0101. *izcelsmes vieta Lietuva.<\/p>\n","protected":false},"excerpt":{"rendered":"<p>6.20 \u20ac\/kg<\/p>\n","protected":false},"featured_media":1253089,"template":"","meta":{"_acf_changed":false,"inline_featured_image":false},"product_cat":[135,178],"product_tag":[],"acf":[],"aioseo_notices":[],"_links":{"self":[{"href":"https:\/\/ventspils.citro.lv\/ru\/wp-json\/wp\/v2\/product\/1047054"}],"collection":[{"href":"https:\/\/ventspils.citro.lv\/ru\/wp-json\/wp\/v2\/product"}],"about":[{"href":"https:\/\/ventspils.citro.lv\/ru\/wp-json\/wp\/v2\/types\/product"}],"wp:featuredmedia":[{"embeddable":true,"href":"https:\/\/ventspils.citro.lv\/ru\/wp-json\/wp\/v2\/media\/1253089"}],"wp:attachment":[{"href":"https:\/\/ventspils.citro.lv\/ru\/wp-json\/wp\/v2\/media?parent=1047054"}],"wp:term":[{"taxonomy":"product_cat","embeddable":true,"href":"https:\/\/ventspils.citro.lv\/ru\/wp-json\/wp\/v2\/product_cat?post=1047054"},{"taxonomy":"product_tag","embeddable":true,"href":"https:\/\/ventspils.citro.lv\/ru\/wp-json\/wp\/v2\/product_tag?post=1047054"}],"curies":[{"name":"wp","href":"https:\/\/api.w.org\/{rel}","templated":true}]}}