{"id":1046179,"date":"2026-03-31T04:51:58","date_gmt":"2026-03-31T01:51:58","guid":{"rendered":"https:\/\/ventspils.citro.lv\/veikals\/saldejums-twister-marshmallow-80ml-73ml\/"},"modified":"2026-04-15T13:40:23","modified_gmt":"2026-04-15T10:40:23","slug":"saldejums-twister-marshmallow-80ml-73ml","status":"publish","type":"product","link":"https:\/\/ventspils.citro.lv\/ru\/veikals\/saldejums-twister-marshmallow-80ml-73ml\/","title":{"rendered":"Sald\u0113jums Twister Marshmallow\u200b 80ml\/73ml"},"content":{"rendered":"<p>\u016adens, cukurs, glikozes s\u012brups, fruktoze, ave\u0146u biezenis (2,5%), \u0101bolu biezenis (2,5%), v\u012bnogu sula\u00b2 (2,5%), \u0161\u0137\u012bsto\u0161\u0101s \u0161\u0137iedrvielas, kokosriekstu tauki, sk\u0101buma regul\u0113t\u0101js (citronsk\u0101be), kr\u0101sviela (antocian\u012bni), bie\u0161u sulas koncentr\u0101ts, stabiliz\u0113t\u0101ji (gu\u0101ra sve\u0137i, ceratoniju aug\u013cu sve\u0137i, tara sve\u0137i), zir\u0146u olbaltumvielas (0,1%), melno burk\u0101nu koncentr\u0101ts, saflora koncentr\u0101ts, aromatiz\u0113t\u0101ji, emulgatori (tauksk\u0101bju mono- un diglicer\u012bdi), s\u0101ls. Var satur\u0113t PIENU un MANDELES. Nesatur lipekli. \u00b2no koncentr\u0101ta. \u00b9Br\u012bni\u0161\u0137\u012bga zef\u012bru gar\u0161a un aug\u013ci. Aug\u013cu bieze\u0146i un aug\u013cu sulas no koncentr\u0101ta.<\/p>\n","protected":false},"excerpt":{"rendered":"<p>13.56 \u20ac\/l<\/p>\n","protected":false},"featured_media":1238429,"template":"","meta":{"_acf_changed":false,"inline_featured_image":false},"product_cat":[233,555],"product_tag":[],"acf":[],"aioseo_notices":[],"_links":{"self":[{"href":"https:\/\/ventspils.citro.lv\/ru\/wp-json\/wp\/v2\/product\/1046179"}],"collection":[{"href":"https:\/\/ventspils.citro.lv\/ru\/wp-json\/wp\/v2\/product"}],"about":[{"href":"https:\/\/ventspils.citro.lv\/ru\/wp-json\/wp\/v2\/types\/product"}],"wp:featuredmedia":[{"embeddable":true,"href":"https:\/\/ventspils.citro.lv\/ru\/wp-json\/wp\/v2\/media\/1238429"}],"wp:attachment":[{"href":"https:\/\/ventspils.citro.lv\/ru\/wp-json\/wp\/v2\/media?parent=1046179"}],"wp:term":[{"taxonomy":"product_cat","embeddable":true,"href":"https:\/\/ventspils.citro.lv\/ru\/wp-json\/wp\/v2\/product_cat?post=1046179"},{"taxonomy":"product_tag","embeddable":true,"href":"https:\/\/ventspils.citro.lv\/ru\/wp-json\/wp\/v2\/product_tag?post=1046179"}],"curies":[{"name":"wp","href":"https:\/\/api.w.org\/{rel}","templated":true}]}}