{"id":1046132,"date":"2026-02-27T12:30:57","date_gmt":"2026-02-27T10:30:57","guid":{"rendered":"https:\/\/ventspils.citro.lv\/veikals\/cipsi-pringles-taizemes-zala-karija-garsa-165g\/"},"modified":"2026-03-20T16:12:14","modified_gmt":"2026-03-20T14:12:14","slug":"cipsi-pringles-taizemes-zala-karija-garsa-165g","status":"publish","type":"product","link":"https:\/\/ventspils.citro.lv\/ru\/veikals\/cipsi-pringles-taizemes-zala-karija-garsa-165g\/","title":{"rendered":"\u010cipsi Pringles Taizemes za\u013c\u0101 karija gar\u0161a 165g"},"content":{"rendered":"","protected":false},"excerpt":{"rendered":"<p>18.12 \u20ac\/kg<\/p>\n","protected":false},"featured_media":1219148,"template":"","meta":{"_acf_changed":false,"inline_featured_image":false},"product_cat":[125,191],"product_tag":[],"acf":[],"aioseo_notices":[],"_links":{"self":[{"href":"https:\/\/ventspils.citro.lv\/ru\/wp-json\/wp\/v2\/product\/1046132"}],"collection":[{"href":"https:\/\/ventspils.citro.lv\/ru\/wp-json\/wp\/v2\/product"}],"about":[{"href":"https:\/\/ventspils.citro.lv\/ru\/wp-json\/wp\/v2\/types\/product"}],"wp:featuredmedia":[{"embeddable":true,"href":"https:\/\/ventspils.citro.lv\/ru\/wp-json\/wp\/v2\/media\/1219148"}],"wp:attachment":[{"href":"https:\/\/ventspils.citro.lv\/ru\/wp-json\/wp\/v2\/media?parent=1046132"}],"wp:term":[{"taxonomy":"product_cat","embeddable":true,"href":"https:\/\/ventspils.citro.lv\/ru\/wp-json\/wp\/v2\/product_cat?post=1046132"},{"taxonomy":"product_tag","embeddable":true,"href":"https:\/\/ventspils.citro.lv\/ru\/wp-json\/wp\/v2\/product_tag?post=1046132"}],"curies":[{"name":"wp","href":"https:\/\/api.w.org\/{rel}","templated":true}]}}