{"id":1046130,"date":"2026-02-27T12:30:47","date_gmt":"2026-02-27T10:30:47","guid":{"rendered":"https:\/\/ventspils.citro.lv\/veikals\/cipsi-pringles-melna-trifelu-un-sviesta-garsa-165g\/"},"modified":"2026-02-27T12:30:56","modified_gmt":"2026-02-27T10:30:56","slug":"cipsi-pringles-melna-trifelu-un-sviesta-garsa-165g","status":"publish","type":"product","link":"https:\/\/ventspils.citro.lv\/ru\/veikals\/cipsi-pringles-melna-trifelu-un-sviesta-garsa-165g\/","title":{"rendered":"\u010cipsi Pringles meln\u0101 trife\u013cu un sviesta gar\u0161a 165g"},"content":{"rendered":"","protected":false},"excerpt":{"rendered":"<p>18.12 \u20ac\/kg<\/p>\n","protected":false},"featured_media":1219147,"template":"","meta":{"_acf_changed":false,"inline_featured_image":false},"product_cat":[125,191],"product_tag":[],"acf":[],"aioseo_notices":[],"_links":{"self":[{"href":"https:\/\/ventspils.citro.lv\/ru\/wp-json\/wp\/v2\/product\/1046130"}],"collection":[{"href":"https:\/\/ventspils.citro.lv\/ru\/wp-json\/wp\/v2\/product"}],"about":[{"href":"https:\/\/ventspils.citro.lv\/ru\/wp-json\/wp\/v2\/types\/product"}],"wp:featuredmedia":[{"embeddable":true,"href":"https:\/\/ventspils.citro.lv\/ru\/wp-json\/wp\/v2\/media\/1219147"}],"wp:attachment":[{"href":"https:\/\/ventspils.citro.lv\/ru\/wp-json\/wp\/v2\/media?parent=1046130"}],"wp:term":[{"taxonomy":"product_cat","embeddable":true,"href":"https:\/\/ventspils.citro.lv\/ru\/wp-json\/wp\/v2\/product_cat?post=1046130"},{"taxonomy":"product_tag","embeddable":true,"href":"https:\/\/ventspils.citro.lv\/ru\/wp-json\/wp\/v2\/product_tag?post=1046130"}],"curies":[{"name":"wp","href":"https:\/\/api.w.org\/{rel}","templated":true}]}}