{"id":1046126,"date":"2026-03-31T04:49:24","date_gmt":"2026-03-31T01:49:24","guid":{"rendered":"https:\/\/ventspils.citro.lv\/veikals\/konf-sprakskosas-ar-zemenu-garsu-zeta-pop-rocks-magic-6g\/"},"modified":"2026-03-31T04:49:34","modified_gmt":"2026-03-31T01:49:34","slug":"konf-sprakskosas-ar-zemenu-garsu-zeta-pop-rocks-magic-6g","status":"publish","type":"product","link":"https:\/\/ventspils.citro.lv\/ru\/veikals\/konf-sprakskosas-ar-zemenu-garsu-zeta-pop-rocks-magic-6g\/","title":{"rendered":"Konf. sprak\u0161\u0137o\u0161\u0101s ar zeme\u0146u gar\u0161u Zeta Pop Rocks Magic 6g"},"content":{"rendered":"","protected":false},"excerpt":{"rendered":"<p>148.33 \u20ac\/kg<\/p>\n","protected":false},"featured_media":1238416,"template":"","meta":{"_acf_changed":false,"inline_featured_image":false},"product_cat":[533,125],"product_tag":[],"acf":[],"aioseo_notices":[],"_links":{"self":[{"href":"https:\/\/ventspils.citro.lv\/ru\/wp-json\/wp\/v2\/product\/1046126"}],"collection":[{"href":"https:\/\/ventspils.citro.lv\/ru\/wp-json\/wp\/v2\/product"}],"about":[{"href":"https:\/\/ventspils.citro.lv\/ru\/wp-json\/wp\/v2\/types\/product"}],"wp:featuredmedia":[{"embeddable":true,"href":"https:\/\/ventspils.citro.lv\/ru\/wp-json\/wp\/v2\/media\/1238416"}],"wp:attachment":[{"href":"https:\/\/ventspils.citro.lv\/ru\/wp-json\/wp\/v2\/media?parent=1046126"}],"wp:term":[{"taxonomy":"product_cat","embeddable":true,"href":"https:\/\/ventspils.citro.lv\/ru\/wp-json\/wp\/v2\/product_cat?post=1046126"},{"taxonomy":"product_tag","embeddable":true,"href":"https:\/\/ventspils.citro.lv\/ru\/wp-json\/wp\/v2\/product_tag?post=1046126"}],"curies":[{"name":"wp","href":"https:\/\/api.w.org\/{rel}","templated":true}]}}