{"id":104075,"date":"2026-04-05T01:09:46","date_gmt":"2026-04-04T22:09:46","guid":{"rendered":"https:\/\/ventspils.citro.lv\/veikals\/grauzdini-saldskabmaizes-spainiti-citro-450g\/"},"modified":"2026-04-05T01:10:07","modified_gmt":"2026-04-04T22:10:07","slug":"grauzdini-saldskabmaizes-spainiti-citro-450g","status":"publish","type":"product","link":"https:\/\/ventspils.citro.lv\/ru\/veikals\/grauzdini-saldskabmaizes-spainiti-citro-450g\/","title":{"rendered":"Grauzdi\u0146i saldsk\u0101bmaizes spain\u012bt\u012b  Citro 450g"},"content":{"rendered":"<p>Maize (rudzu milti,dzeramais \u016bdens,kvie\u0161u milti,p\u0101rtikas s\u0101ls,maizes uzlabot\u0101js(\u0101bolu \u0161\u0137iedrv.ce\u013cteka,fermaenti)pres\u0113tais raugs);augu e\u013c\u013ca(80%raf.rap\u0161u e\u013c\u013ca20%palmu ole\u012bns) \u0137iploku pulveris, s\u0101ls.Ra\u017eot\u0101js Sia Di\u0101na Bistro.<\/p>\n","protected":false},"excerpt":{"rendered":"<p>6.64 \u20ac\/kg<\/p>\n","protected":false},"featured_media":1239788,"template":"","meta":{"_acf_changed":false,"inline_featured_image":false},"product_cat":[215,218],"product_tag":[],"acf":[],"aioseo_notices":[],"_links":{"self":[{"href":"https:\/\/ventspils.citro.lv\/ru\/wp-json\/wp\/v2\/product\/104075"}],"collection":[{"href":"https:\/\/ventspils.citro.lv\/ru\/wp-json\/wp\/v2\/product"}],"about":[{"href":"https:\/\/ventspils.citro.lv\/ru\/wp-json\/wp\/v2\/types\/product"}],"wp:featuredmedia":[{"embeddable":true,"href":"https:\/\/ventspils.citro.lv\/ru\/wp-json\/wp\/v2\/media\/1239788"}],"wp:attachment":[{"href":"https:\/\/ventspils.citro.lv\/ru\/wp-json\/wp\/v2\/media?parent=104075"}],"wp:term":[{"taxonomy":"product_cat","embeddable":true,"href":"https:\/\/ventspils.citro.lv\/ru\/wp-json\/wp\/v2\/product_cat?post=104075"},{"taxonomy":"product_tag","embeddable":true,"href":"https:\/\/ventspils.citro.lv\/ru\/wp-json\/wp\/v2\/product_tag?post=104075"}],"curies":[{"name":"wp","href":"https:\/\/api.w.org\/{rel}","templated":true}]}}