{"id":1036073,"date":"2026-04-10T09:24:35","date_gmt":"2026-04-10T06:24:35","guid":{"rendered":"https:\/\/ventspils.citro.lv\/veikals\/merce-garda-bbq-dimdini-250g\/"},"modified":"2026-04-10T09:24:46","modified_gmt":"2026-04-10T06:24:46","slug":"merce-garda-bbq-dimdini-250g","status":"publish","type":"product","link":"https:\/\/ventspils.citro.lv\/ru\/veikals\/merce-garda-bbq-dimdini-250g\/","title":{"rendered":"M\u0113rce gard\u0101 Bbq Dimdi\u0146i 250g"},"content":{"rendered":"","protected":false},"excerpt":{"rendered":"<p>10.76 \u20ac\/kg<\/p>\n","protected":false},"featured_media":1244154,"template":"","meta":{"_acf_changed":false,"inline_featured_image":false},"product_cat":[116,208],"product_tag":[],"acf":[],"aioseo_notices":[],"_links":{"self":[{"href":"https:\/\/ventspils.citro.lv\/ru\/wp-json\/wp\/v2\/product\/1036073"}],"collection":[{"href":"https:\/\/ventspils.citro.lv\/ru\/wp-json\/wp\/v2\/product"}],"about":[{"href":"https:\/\/ventspils.citro.lv\/ru\/wp-json\/wp\/v2\/types\/product"}],"wp:featuredmedia":[{"embeddable":true,"href":"https:\/\/ventspils.citro.lv\/ru\/wp-json\/wp\/v2\/media\/1244154"}],"wp:attachment":[{"href":"https:\/\/ventspils.citro.lv\/ru\/wp-json\/wp\/v2\/media?parent=1036073"}],"wp:term":[{"taxonomy":"product_cat","embeddable":true,"href":"https:\/\/ventspils.citro.lv\/ru\/wp-json\/wp\/v2\/product_cat?post=1036073"},{"taxonomy":"product_tag","embeddable":true,"href":"https:\/\/ventspils.citro.lv\/ru\/wp-json\/wp\/v2\/product_tag?post=1036073"}],"curies":[{"name":"wp","href":"https:\/\/api.w.org\/{rel}","templated":true}]}}