{"id":1036064,"date":"2026-04-28T04:36:03","date_gmt":"2026-04-28T01:36:03","guid":{"rendered":"https:\/\/ventspils.citro.lv\/veikals\/jogurts-farmi-skyr-meza-zemenu-150g\/"},"modified":"2026-04-28T04:36:14","modified_gmt":"2026-04-28T01:36:14","slug":"jogurts-farmi-skyr-meza-zemenu-150g","status":"publish","type":"product","link":"https:\/\/ventspils.citro.lv\/ru\/veikals\/jogurts-farmi-skyr-meza-zemenu-150g\/","title":{"rendered":"Jogurts Farmi Skyr me\u017ea zeme\u0146u 150g"},"content":{"rendered":"<p>PIENS, cukurs, zemenes 4,8%, me\u017ea zemenes 0,3%, modific\u0113ta ciete, aromatiz\u0113t\u0101ji, sk\u0101buma regul\u0113t\u0101ji (E330, E331), kr\u0101sviela (bie\u0161u sarkanais), ieraugs.<\/p>\n","protected":false},"excerpt":{"rendered":"<p>6.60 \u20ac\/kg<\/p>\n","protected":false},"featured_media":1254598,"template":"","meta":{"_acf_changed":false,"inline_featured_image":false},"product_cat":[95,100],"product_tag":[],"acf":[],"aioseo_notices":[],"_links":{"self":[{"href":"https:\/\/ventspils.citro.lv\/ru\/wp-json\/wp\/v2\/product\/1036064"}],"collection":[{"href":"https:\/\/ventspils.citro.lv\/ru\/wp-json\/wp\/v2\/product"}],"about":[{"href":"https:\/\/ventspils.citro.lv\/ru\/wp-json\/wp\/v2\/types\/product"}],"wp:featuredmedia":[{"embeddable":true,"href":"https:\/\/ventspils.citro.lv\/ru\/wp-json\/wp\/v2\/media\/1254598"}],"wp:attachment":[{"href":"https:\/\/ventspils.citro.lv\/ru\/wp-json\/wp\/v2\/media?parent=1036064"}],"wp:term":[{"taxonomy":"product_cat","embeddable":true,"href":"https:\/\/ventspils.citro.lv\/ru\/wp-json\/wp\/v2\/product_cat?post=1036064"},{"taxonomy":"product_tag","embeddable":true,"href":"https:\/\/ventspils.citro.lv\/ru\/wp-json\/wp\/v2\/product_tag?post=1036064"}],"curies":[{"name":"wp","href":"https:\/\/api.w.org\/{rel}","templated":true}]}}