{"id":1036063,"date":"2026-04-22T07:45:26","date_gmt":"2026-04-22T04:45:26","guid":{"rendered":"https:\/\/ventspils.citro.lv\/veikals\/jogurts-farmi-skyr-apelsinu-straciatella-150g\/"},"modified":"2026-04-23T01:03:44","modified_gmt":"2026-04-22T22:03:44","slug":"jogurts-farmi-skyr-apelsinu-straciatella-150g","status":"publish","type":"product","link":"https:\/\/ventspils.citro.lv\/ru\/veikals\/jogurts-farmi-skyr-apelsinu-straciatella-150g\/","title":{"rendered":"Jogurts Farmi Skyr apels\u012bnu straciatella 150g"},"content":{"rendered":"<p>PIENS, cukurs, apels\u012bni 2,7%, \u0161okol\u0101des gabali\u0146i 1% (kakao masa, kakao sviests, cukurs), modific\u0113ta ciete, biezin\u0101t\u0101ji  (pekt\u012bns, gu\u0101ra sve\u0137i), arom\u0101tiz\u0113t\u0101ji, sk\u0101buma regul\u0113t\u0101ji (E330, E331), cietin\u0101t\u0101js (E333), kr\u0101sviela (karot\u012bni), ieraugs.<\/p>\n","protected":false},"excerpt":{"rendered":"<p>5.27 \u20ac\/kg<\/p>\n","protected":false},"featured_media":1248936,"template":"","meta":{"_acf_changed":false,"inline_featured_image":false},"product_cat":[95,100],"product_tag":[],"acf":[],"aioseo_notices":[],"_links":{"self":[{"href":"https:\/\/ventspils.citro.lv\/ru\/wp-json\/wp\/v2\/product\/1036063"}],"collection":[{"href":"https:\/\/ventspils.citro.lv\/ru\/wp-json\/wp\/v2\/product"}],"about":[{"href":"https:\/\/ventspils.citro.lv\/ru\/wp-json\/wp\/v2\/types\/product"}],"wp:featuredmedia":[{"embeddable":true,"href":"https:\/\/ventspils.citro.lv\/ru\/wp-json\/wp\/v2\/media\/1248936"}],"wp:attachment":[{"href":"https:\/\/ventspils.citro.lv\/ru\/wp-json\/wp\/v2\/media?parent=1036063"}],"wp:term":[{"taxonomy":"product_cat","embeddable":true,"href":"https:\/\/ventspils.citro.lv\/ru\/wp-json\/wp\/v2\/product_cat?post=1036063"},{"taxonomy":"product_tag","embeddable":true,"href":"https:\/\/ventspils.citro.lv\/ru\/wp-json\/wp\/v2\/product_tag?post=1036063"}],"curies":[{"name":"wp","href":"https:\/\/api.w.org\/{rel}","templated":true}]}}