{"id":1036061,"date":"2026-05-03T01:33:29","date_gmt":"2026-05-02T22:33:29","guid":{"rendered":"https:\/\/ventspils.citro.lv\/veikals\/sulas-dzeriens-cido-paw-patrol-multiauglu-burkanu-0-2l\/"},"modified":"2026-05-03T01:33:41","modified_gmt":"2026-05-02T22:33:41","slug":"sulas-dzeriens-cido-paw-patrol-multiauglu-burkanu-0-2l","status":"publish","type":"product","link":"https:\/\/ventspils.citro.lv\/ru\/veikals\/sulas-dzeriens-cido-paw-patrol-multiauglu-burkanu-0-2l\/","title":{"rendered":"Sulas dz\u0113riens Cido Paw Patrol multiaug\u013cu-burk\u0101nu 0.2l"},"content":{"rendered":"","protected":false},"excerpt":{"rendered":"<p>2.25 \u20ac\/l<\/p>\n","protected":false},"featured_media":1255776,"template":"","meta":{"_acf_changed":false,"inline_featured_image":false},"product_cat":[106,124],"product_tag":[],"acf":[],"aioseo_notices":[],"_links":{"self":[{"href":"https:\/\/ventspils.citro.lv\/ru\/wp-json\/wp\/v2\/product\/1036061"}],"collection":[{"href":"https:\/\/ventspils.citro.lv\/ru\/wp-json\/wp\/v2\/product"}],"about":[{"href":"https:\/\/ventspils.citro.lv\/ru\/wp-json\/wp\/v2\/types\/product"}],"wp:featuredmedia":[{"embeddable":true,"href":"https:\/\/ventspils.citro.lv\/ru\/wp-json\/wp\/v2\/media\/1255776"}],"wp:attachment":[{"href":"https:\/\/ventspils.citro.lv\/ru\/wp-json\/wp\/v2\/media?parent=1036061"}],"wp:term":[{"taxonomy":"product_cat","embeddable":true,"href":"https:\/\/ventspils.citro.lv\/ru\/wp-json\/wp\/v2\/product_cat?post=1036061"},{"taxonomy":"product_tag","embeddable":true,"href":"https:\/\/ventspils.citro.lv\/ru\/wp-json\/wp\/v2\/product_tag?post=1036061"}],"curies":[{"name":"wp","href":"https:\/\/api.w.org\/{rel}","templated":true}]}}