{"id":1035747,"date":"2026-04-29T01:27:19","date_gmt":"2026-04-28T22:27:19","guid":{"rendered":"https:\/\/ventspils.citro.lv\/veikals\/ievarijums-dzervenu-340g\/"},"modified":"2026-04-29T01:27:30","modified_gmt":"2026-04-28T22:27:30","slug":"ievarijums-dzervenu-340g","status":"publish","type":"product","link":"https:\/\/ventspils.citro.lv\/ru\/veikals\/ievarijums-dzervenu-340g\/","title":{"rendered":"Iev\u0101r\u012bjums dz\u0113rve\u0146u  340g"},"content":{"rendered":"","protected":false},"excerpt":{"rendered":"<p>5.15 \u20ac\/kg<\/p>\n","protected":false},"featured_media":1254811,"template":"","meta":{"_acf_changed":false,"inline_featured_image":false},"product_cat":[560,103],"product_tag":[],"acf":[],"aioseo_notices":[],"_links":{"self":[{"href":"https:\/\/ventspils.citro.lv\/ru\/wp-json\/wp\/v2\/product\/1035747"}],"collection":[{"href":"https:\/\/ventspils.citro.lv\/ru\/wp-json\/wp\/v2\/product"}],"about":[{"href":"https:\/\/ventspils.citro.lv\/ru\/wp-json\/wp\/v2\/types\/product"}],"wp:featuredmedia":[{"embeddable":true,"href":"https:\/\/ventspils.citro.lv\/ru\/wp-json\/wp\/v2\/media\/1254811"}],"wp:attachment":[{"href":"https:\/\/ventspils.citro.lv\/ru\/wp-json\/wp\/v2\/media?parent=1035747"}],"wp:term":[{"taxonomy":"product_cat","embeddable":true,"href":"https:\/\/ventspils.citro.lv\/ru\/wp-json\/wp\/v2\/product_cat?post=1035747"},{"taxonomy":"product_tag","embeddable":true,"href":"https:\/\/ventspils.citro.lv\/ru\/wp-json\/wp\/v2\/product_tag?post=1035747"}],"curies":[{"name":"wp","href":"https:\/\/api.w.org\/{rel}","templated":true}]}}