{"id":1035746,"date":"2026-04-24T09:48:34","date_gmt":"2026-04-24T06:48:34","guid":{"rendered":"https:\/\/ventspils.citro.lv\/veikals\/ievarijums-zemenu-340g\/"},"modified":"2026-04-24T09:48:44","modified_gmt":"2026-04-24T06:48:44","slug":"ievarijums-zemenu-340g","status":"publish","type":"product","link":"https:\/\/ventspils.citro.lv\/ru\/veikals\/ievarijums-zemenu-340g\/","title":{"rendered":"Iev\u0101r\u012bjums zeme\u0146u  340g"},"content":{"rendered":"","protected":false},"excerpt":{"rendered":"<p>5.26 \u20ac\/kg<\/p>\n","protected":false},"featured_media":1252922,"template":"","meta":{"_acf_changed":false,"inline_featured_image":false},"product_cat":[560,103],"product_tag":[],"acf":[],"aioseo_notices":[],"_links":{"self":[{"href":"https:\/\/ventspils.citro.lv\/ru\/wp-json\/wp\/v2\/product\/1035746"}],"collection":[{"href":"https:\/\/ventspils.citro.lv\/ru\/wp-json\/wp\/v2\/product"}],"about":[{"href":"https:\/\/ventspils.citro.lv\/ru\/wp-json\/wp\/v2\/types\/product"}],"wp:featuredmedia":[{"embeddable":true,"href":"https:\/\/ventspils.citro.lv\/ru\/wp-json\/wp\/v2\/media\/1252922"}],"wp:attachment":[{"href":"https:\/\/ventspils.citro.lv\/ru\/wp-json\/wp\/v2\/media?parent=1035746"}],"wp:term":[{"taxonomy":"product_cat","embeddable":true,"href":"https:\/\/ventspils.citro.lv\/ru\/wp-json\/wp\/v2\/product_cat?post=1035746"},{"taxonomy":"product_tag","embeddable":true,"href":"https:\/\/ventspils.citro.lv\/ru\/wp-json\/wp\/v2\/product_tag?post=1035746"}],"curies":[{"name":"wp","href":"https:\/\/api.w.org\/{rel}","templated":true}]}}